{"id":12,"date":"2026-01-26T15:01:15","date_gmt":"2026-01-26T14:01:15","guid":{"rendered":"http:\/\/conciergeriedesvigneschalon.fr\/?page_id=12"},"modified":"2026-02-02T16:38:42","modified_gmt":"2026-02-02T15:38:42","slug":"bienvenue","status":"publish","type":"page","link":"https:\/\/conciergeriedesvigneschalon.fr\/","title":{"rendered":"Bienvenue"},"content":{"rendered":"\n\n\n<div class=\"wp-block-group is-vertical is-content-justification-stretch is-layout-flex wp-container-core-group-is-layout-353c4f5a wp-block-group-is-layout-flex\">\n<div class=\"wp-block-group is-vertical is-content-justification-stretch is-layout-flex wp-container-core-group-is-layout-353c4f5a wp-block-group-is-layout-flex\">\n<p><\/p>\n\n\n\n<div class=\"wp-block-columns is-layout-flex wp-container-core-columns-is-layout-28f84493 wp-block-columns-is-layout-flex\">\n<div class=\"wp-block-column is-layout-flow wp-block-column-is-layout-flow\" style=\"flex-basis:50%\"><div class=\"wp-block-image\">\n<figure class=\"aligncenter size-medium\"><img loading=\"lazy\" decoding=\"async\" width=\"300\" height=\"225\" src=\"https:\/\/conciergeriedesvigneschalon.fr\/wp-content\/uploads\/2026\/01\/Chalon-saone-quais-OT-1-300x225.jpg\" alt=\"\" class=\"wp-image-460\" srcset=\"https:\/\/conciergeriedesvigneschalon.fr\/wp-content\/uploads\/2026\/01\/Chalon-saone-quais-OT-1-300x225.jpg 300w, https:\/\/conciergeriedesvigneschalon.fr\/wp-content\/uploads\/2026\/01\/Chalon-saone-quais-OT-1-768x576.jpg 768w, https:\/\/conciergeriedesvigneschalon.fr\/wp-content\/uploads\/2026\/01\/Chalon-saone-quais-OT-1.jpg 1004w\" sizes=\"auto, (max-width: 300px) 100vw, 300px\" \/><\/figure>\n<\/div><\/div>\n\n\n\n<div class=\"wp-block-column is-layout-flow wp-block-column-is-layout-flow\" style=\"flex-basis:50%\">\n<div class=\"wp-block-group is-vertical is-content-justification-stretch is-layout-flex wp-container-core-group-is-layout-5621715d wp-block-group-is-layout-flex\">\n<p class=\"has-text-align-left ticss-c00aadba has-black-color has-text-color has-link-color has-medium-font-size wp-elements-d3d4f0cccc376ad05f64414544df90f9\"><strong>La Conciergerie des Vignes Chalon<\/strong> est votre partenaire local \u00e0 Chalon-sur-Sa\u00f4ne et dans le Grand Chalon pour une <strong>gestion sur mesure de votre logement<\/strong>. <\/p>\n\n\n\n<p class=\"has-text-align-left ticss-c00aadba has-black-color has-text-color has-link-color has-medium-font-size wp-elements-c7c40372f3754ffbfad8b3707f7f8d56\">Avec nous, vous b\u00e9n\u00e9ficiez d\u2019un <strong>partenaire de confiance<\/strong>, \u00e0 taille humaine, qui privil\u00e9gie <strong>le contact direct et r\u00e9gulier<\/strong> avec vous.<\/p>\n\n\n\n<p class=\"has-text-align-left ticss-c00aadba has-black-color has-text-color has-link-color has-medium-font-size wp-elements-8ffe8088de13db3b503a33ea2fc322d0\">D\u00e9couvrez l&rsquo;\u00e9tendue de nos services:<\/p>\n<\/div>\n<\/div>\n<\/div>\n<\/div>\n<\/div>\n\n\n\n<div class=\"wp-block-columns is-layout-flex wp-container-core-columns-is-layout-28f84493 wp-block-columns-is-layout-flex\">\n<div class=\"wp-block-column is-layout-flow wp-block-column-is-layout-flow\" style=\"flex-basis:100%\">\n<div id=\"wp-block-themeisle-blocks-advanced-columns-0756495c\" class=\"wp-block-themeisle-blocks-advanced-columns has-3-columns has-desktop-equal-layout has-tablet-equal-layout has-mobile-collapsedRows-layout has-vertical-unset has-light-bg\"><div class=\"wp-block-themeisle-blocks-advanced-columns-overlay\"><\/div><div class=\"innerblocks-wrap\">\n<div id=\"wp-block-themeisle-blocks-advanced-column-6e902b2a\" class=\"wp-block-themeisle-blocks-advanced-column has-light-bg\"><div class=\"wp-block-image\">\n<figure class=\"aligncenter size-thumbnail has-custom-border\"><img loading=\"lazy\" decoding=\"async\" width=\"150\" height=\"150\" src=\"https:\/\/conciergeriedesvigneschalon.fr\/wp-content\/uploads\/2026\/01\/Image-Accueil-1-150x150.png\" alt=\"\" class=\"wp-image-470\" style=\"border-style:none;border-width:0px;border-radius:0px\" srcset=\"https:\/\/conciergeriedesvigneschalon.fr\/wp-content\/uploads\/2026\/01\/Image-Accueil-1-150x150.png 150w, https:\/\/conciergeriedesvigneschalon.fr\/wp-content\/uploads\/2026\/01\/Image-Accueil-1-300x300.png 300w, https:\/\/conciergeriedesvigneschalon.fr\/wp-content\/uploads\/2026\/01\/Image-Accueil-1.png 500w\" sizes=\"auto, (max-width: 150px) 100vw, 150px\" \/><\/figure>\n<\/div>\n\n\n<div id=\"wp-block-themeisle-blocks-advanced-columns-e37edc14\" class=\"wp-block-themeisle-blocks-advanced-columns has-1-columns has-desktop-equal-layout has-tablet-equal-layout has-mobile-equal-layout has-vertical-unset\"><div class=\"wp-block-themeisle-blocks-advanced-columns-overlay\"><\/div><div class=\"innerblocks-wrap\">\n<div id=\"wp-block-themeisle-blocks-advanced-column-7030cb7b\" class=\"wp-block-themeisle-blocks-advanced-column\">\n<h2 class=\"wp-block-heading has-text-color has-link-color wp-elements-cdcc05b99cf197da4c3f52d36d073765\" style=\"color:#070731\">Location Courte Dur\u00e9e<\/h2>\n\n\n\n<p class=\"has-text-color has-link-color wp-elements-bbed05bfc758676a61deb22c47a6a39f\" style=\"color:#070731\">Vous \u00eates propri\u00e9taire et vous souhaitez <strong>louer votre bien en courte dur\u00e9e<\/strong>, en optimisant vos revenus <strong>sans les contraintes de gestion<\/strong>.<\/p>\n\n\n\n<p><\/p>\n\n\n\n<div class=\"wp-block-buttons is-layout-flex wp-block-buttons-is-layout-flex\">\n<div class=\"wp-block-button\"><a class=\"wp-block-button__link has-accent-background-color has-background has-text-align-center wp-element-button\" href=\"https:\/\/conciergeriedesvigneschalon.fr\/index.php\/location-courte-duree\/\">Voir Plus<\/a><\/div>\n<\/div>\n<\/div>\n<\/div><\/div>\n<\/div>\n\n\n\n<div id=\"wp-block-themeisle-blocks-advanced-column-33e99253\" class=\"wp-block-themeisle-blocks-advanced-column has-light-bg\"><div class=\"wp-block-image\">\n<figure class=\"aligncenter size-thumbnail has-custom-border\"><img loading=\"lazy\" decoding=\"async\" width=\"150\" height=\"150\" src=\"https:\/\/conciergeriedesvigneschalon.fr\/wp-content\/uploads\/2026\/01\/Image-Accueil-2-150x150.png\" alt=\"\" class=\"wp-image-471\" style=\"border-style:none;border-width:0px;border-radius:0px\" srcset=\"https:\/\/conciergeriedesvigneschalon.fr\/wp-content\/uploads\/2026\/01\/Image-Accueil-2-150x150.png 150w, https:\/\/conciergeriedesvigneschalon.fr\/wp-content\/uploads\/2026\/01\/Image-Accueil-2-300x300.png 300w, https:\/\/conciergeriedesvigneschalon.fr\/wp-content\/uploads\/2026\/01\/Image-Accueil-2.png 498w\" sizes=\"auto, (max-width: 150px) 100vw, 150px\" \/><\/figure>\n<\/div>\n\n\n<div id=\"wp-block-themeisle-blocks-advanced-columns-ada2687f\" class=\"wp-block-themeisle-blocks-advanced-columns has-1-columns has-desktop-equal-layout has-tablet-equal-layout has-mobile-equal-layout has-vertical-unset\"><div class=\"wp-block-themeisle-blocks-advanced-columns-overlay\"><\/div><div class=\"innerblocks-wrap\">\n<div id=\"wp-block-themeisle-blocks-advanced-column-00013bfb\" class=\"wp-block-themeisle-blocks-advanced-column\">\n<h2 class=\"wp-block-heading has-text-color has-link-color wp-elements-0932610ae5a720cf2108e2ecab1e34a9\" style=\"color:#070731\">Concierge des concierges<\/h2>\n\n\n\n<p class=\"has-text-color has-link-color wp-elements-011eaf0df09212e5d5fa8561e048cda5\" style=\"color:#070731\">Vous <strong>g\u00e9rez vous m\u00eame la location<\/strong> de votre bien et vous cherchez une <strong>solution temporaire <\/strong>? Nous pouvons prendre en charge la gestion pour une p\u00e9riode limit\u00e9e.<\/p>\n\n\n\n<div class=\"wp-block-buttons is-layout-flex wp-block-buttons-is-layout-flex\">\n<div class=\"wp-block-button\"><a class=\"wp-block-button__link has-accent-background-color has-background has-text-align-center wp-element-button\" href=\"https:\/\/conciergeriedesvigneschalon.fr\/index.php\/concierge-des-concierges\/\">Voir Plus<\/a><\/div>\n<\/div>\n<\/div>\n<\/div><\/div>\n<\/div>\n\n\n\n<div id=\"wp-block-themeisle-blocks-advanced-column-f83ff0c8\" class=\"wp-block-themeisle-blocks-advanced-column has-light-bg\"><div class=\"wp-block-image\">\n<figure class=\"aligncenter size-thumbnail has-custom-border\"><img loading=\"lazy\" decoding=\"async\" width=\"150\" height=\"150\" src=\"https:\/\/conciergeriedesvigneschalon.fr\/wp-content\/uploads\/2026\/01\/Image-Accueil-3-150x150.png\" alt=\"\" class=\"wp-image-472\" style=\"border-style:none;border-width:0px;border-radius:0px\" srcset=\"https:\/\/conciergeriedesvigneschalon.fr\/wp-content\/uploads\/2026\/01\/Image-Accueil-3-150x150.png 150w, https:\/\/conciergeriedesvigneschalon.fr\/wp-content\/uploads\/2026\/01\/Image-Accueil-3-300x300.png 300w, https:\/\/conciergeriedesvigneschalon.fr\/wp-content\/uploads\/2026\/01\/Image-Accueil-3.png 501w\" sizes=\"auto, (max-width: 150px) 100vw, 150px\" \/><\/figure>\n<\/div>\n\n\n<div id=\"wp-block-themeisle-blocks-advanced-columns-ce1dae84\" class=\"wp-block-themeisle-blocks-advanced-columns has-1-columns has-desktop-equal-layout has-tablet-equal-layout has-mobile-equal-layout has-vertical-unset\"><div class=\"wp-block-themeisle-blocks-advanced-columns-overlay\"><\/div><div class=\"innerblocks-wrap\">\n<div id=\"wp-block-themeisle-blocks-advanced-column-a3d5be7e\" class=\"wp-block-themeisle-blocks-advanced-column\">\n<h2 class=\"wp-block-heading has-text-color has-link-color wp-elements-33110b53b25eb39d6632fec9af162886\" style=\"color:#070731\">Gardiennage et Supervision<\/h2>\n\n\n\n<p class=\"has-text-color has-link-color wp-elements-42a4edfe7975aeb27ebf9c47a4fc8913\" style=\"color:#070731\">Vous avez une r\u00e9sidence secondaire et vous n&rsquo;habitez pas la r\u00e9gion, ou le logement est occup\u00e9 par un proche qui a besoin d&rsquo;<strong>aide pour la maintenance de son bien.<\/strong><\/p>\n\n\n\n<div class=\"wp-block-buttons is-layout-flex wp-block-buttons-is-layout-flex\">\n<div class=\"wp-block-button\"><a class=\"wp-block-button__link has-accent-background-color has-background has-text-align-center wp-element-button\" href=\"https:\/\/conciergeriedesvigneschalon.fr\/index.php\/gardiennage\/\">Voir Plus<\/a><\/div>\n<\/div>\n<\/div>\n<\/div><\/div>\n<\/div>\n<\/div><\/div>\n<\/div>\n<\/div>\n\n\n\n<div id=\"wp-block-themeisle-blocks-advanced-columns-678cc482\" class=\"wp-block-themeisle-blocks-advanced-columns alignfull has-1-columns has-desktop-equal-layout has-tablet-equal-layout has-mobile-equal-layout has-vertical-top ticss-c00aadba\"><div class=\"wp-block-themeisle-blocks-advanced-columns-overlay\"><\/div><div class=\"innerblocks-wrap\">\n<div id=\"wp-block-themeisle-blocks-advanced-column-4d412c51\" class=\"wp-block-themeisle-blocks-advanced-column\">\n<h2 id=\"wp-block-themeisle-blocks-advanced-heading-fb3c7a39\" class=\"wp-block-themeisle-blocks-advanced-heading wp-block-themeisle-blocks-advanced-heading-fb3c7a39\">Audit gratuit de votre logement<\/h2>\n\n\n\n<p class=\"has-text-align-center has-text-color\" style=\"color:#fefefe\">N&rsquo;attendez pas<\/p>\n\n\n\n<div class=\"wp-block-buttons is-content-justification-center is-layout-flex wp-container-core-buttons-is-layout-a89b3969 wp-block-buttons-is-layout-flex\">\n<div class=\"wp-block-button is-style-primary\"><a class=\"wp-block-button__link has-accent-background-color has-background wp-element-button\" href=\"https:\/\/conciergeriedesvigneschalon.fr\/index.php\/contact\/\">Contactez Nous<\/a><\/div>\n<\/div>\n<\/div>\n<\/div><\/div>\n","protected":false},"excerpt":{"rendered":"<p>La Conciergerie des Vignes Chalon est votre partenaire local \u00e0 Chalon-sur-Sa\u00f4ne et dans le Grand Chalon pour une gestion sur mesure de votre logement. Avec nous, vous b\u00e9n\u00e9ficiez d\u2019un partenaire de confiance, \u00e0 taille humaine, qui privil\u00e9gie le contact direct et r\u00e9gulier avec vous. D\u00e9couvrez l&rsquo;\u00e9tendue de nos services:<\/p>\n","protected":false},"author":1,"featured_media":0,"parent":0,"menu_order":0,"comment_status":"closed","ping_status":"closed","template":"","meta":{"_themeisle_gutenberg_block_has_review":false,"footnotes":""},"class_list":["post-12","page","type-page","status-publish","hentry"],"_links":{"self":[{"href":"https:\/\/conciergeriedesvigneschalon.fr\/index.php\/wp-json\/wp\/v2\/pages\/12","targetHints":{"allow":["GET"]}}],"collection":[{"href":"https:\/\/conciergeriedesvigneschalon.fr\/index.php\/wp-json\/wp\/v2\/pages"}],"about":[{"href":"https:\/\/conciergeriedesvigneschalon.fr\/index.php\/wp-json\/wp\/v2\/types\/page"}],"author":[{"embeddable":true,"href":"https:\/\/conciergeriedesvigneschalon.fr\/index.php\/wp-json\/wp\/v2\/users\/1"}],"replies":[{"embeddable":true,"href":"https:\/\/conciergeriedesvigneschalon.fr\/index.php\/wp-json\/wp\/v2\/comments?post=12"}],"version-history":[{"count":48,"href":"https:\/\/conciergeriedesvigneschalon.fr\/index.php\/wp-json\/wp\/v2\/pages\/12\/revisions"}],"predecessor-version":[{"id":571,"href":"https:\/\/conciergeriedesvigneschalon.fr\/index.php\/wp-json\/wp\/v2\/pages\/12\/revisions\/571"}],"wp:attachment":[{"href":"https:\/\/conciergeriedesvigneschalon.fr\/index.php\/wp-json\/wp\/v2\/media?parent=12"}],"curies":[{"name":"wp","href":"https:\/\/api.w.org\/{rel}","templated":true}]}}