{"id":47,"date":"2026-01-27T15:10:53","date_gmt":"2026-01-27T14:10:53","guid":{"rendered":"https:\/\/conciergeriedesvigneschalon.fr\/?page_id=47"},"modified":"2026-02-01T08:14:07","modified_gmt":"2026-02-01T07:14:07","slug":"conciergerie-grand-chalon","status":"publish","type":"page","link":"https:\/\/conciergeriedesvigneschalon.fr\/index.php\/conciergerie-grand-chalon\/","title":{"rendered":"Zone d&rsquo;intervention"},"content":{"rendered":"\n<p>La <strong>Conciergerie des Vignes Chalon<\/strong> intervient sur l\u2019ensemble du <strong>Grand Chalon<\/strong> pour la gestion de locations saisonni\u00e8res et meubl\u00e9s de tourisme, ou le gardiennage d&rsquo;un bien.<\/p>\n\n\n\n<div class=\"wp-block-columns is-layout-flex wp-container-core-columns-is-layout-28f84493 wp-block-columns-is-layout-flex\">\n<div class=\"wp-block-column is-layout-flow wp-block-column-is-layout-flow\" style=\"flex-basis:50%\">\n<p style=\"font-size:17px\"><\/p>\n\n\n\n<h2 class=\"wp-block-heading\">Chalon-sur-Sa\u00f4ne<\/h2>\n\n\n\n<p style=\"font-size:17px\">Notre base: nous pouvons g\u00e9rer des locations Airbnb situ\u00e9es en centre-ville, proches des axes professionnels et touristiques.<\/p>\n\n\n\n<h2 class=\"wp-block-heading\">Saint-R\u00e9my, Lux, Champforgeuil, Saint Marcel, Crissey<\/h2>\n\n\n\n<p class=\"has-text-align-left\" style=\"font-size:17px\">Nous accompagnons les propri\u00e9taires de logements situ\u00e9s dans les communes p\u00e9riph\u00e9riques, tr\u00e8s recherch\u00e9es pour leur accessibilit\u00e9 et leur calme.<\/p>\n<\/div>\n\n\n\n<div class=\"wp-block-column is-layout-flow wp-block-column-is-layout-flow\"><\/div>\n\n\n\n<div class=\"wp-block-column is-vertically-aligned-center is-layout-flow wp-block-column-is-layout-flow\" style=\"flex-basis:66.66%\">\n<div class=\"wp-block-cover aligncenter is-light\"><img loading=\"lazy\" decoding=\"async\" width=\"945\" height=\"790\" class=\"wp-block-cover__image-background wp-image-48 size-full\" alt=\"\" src=\"https:\/\/conciergeriedesvigneschalon.fr\/wp-content\/uploads\/2026\/01\/Carte-du-Grand-Chalon-datagouvfr-mapping-51_2_.png\" style=\"object-position:38% 49%\" data-object-fit=\"cover\" data-object-position=\"38% 49%\" srcset=\"https:\/\/conciergeriedesvigneschalon.fr\/wp-content\/uploads\/2026\/01\/Carte-du-Grand-Chalon-datagouvfr-mapping-51_2_.png 945w, https:\/\/conciergeriedesvigneschalon.fr\/wp-content\/uploads\/2026\/01\/Carte-du-Grand-Chalon-datagouvfr-mapping-51_2_-300x251.png 300w, https:\/\/conciergeriedesvigneschalon.fr\/wp-content\/uploads\/2026\/01\/Carte-du-Grand-Chalon-datagouvfr-mapping-51_2_-768x642.png 768w\" sizes=\"auto, (max-width: 945px) 100vw, 945px\" \/><span aria-hidden=\"true\" class=\"wp-block-cover__background has-background-dim\" style=\"background-color:#b0c26b\"><\/span><div class=\"wp-block-cover__inner-container is-layout-flow wp-block-cover-is-layout-flow\">\n<figure class=\"wp-block-image size-full wp-duotone-purple-green\"><img loading=\"lazy\" decoding=\"async\" width=\"945\" height=\"790\" src=\"https:\/\/conciergeriedesvigneschalon.fr\/wp-content\/uploads\/2026\/01\/Carte-du-Grand-Chalon-datagouvfr-mapping-51_2_.png\" alt=\"\" class=\"wp-image-48\" srcset=\"https:\/\/conciergeriedesvigneschalon.fr\/wp-content\/uploads\/2026\/01\/Carte-du-Grand-Chalon-datagouvfr-mapping-51_2_.png 945w, https:\/\/conciergeriedesvigneschalon.fr\/wp-content\/uploads\/2026\/01\/Carte-du-Grand-Chalon-datagouvfr-mapping-51_2_-300x251.png 300w, https:\/\/conciergeriedesvigneschalon.fr\/wp-content\/uploads\/2026\/01\/Carte-du-Grand-Chalon-datagouvfr-mapping-51_2_-768x642.png 768w\" sizes=\"auto, (max-width: 945px) 100vw, 945px\" \/><\/figure>\n<\/div><\/div>\n<\/div>\n<\/div>\n\n\n\n<h2 class=\"wp-block-heading\">Fragnes-La Loy\u00e8re, Mercurey, Givry et C\u00f4te chalonnaise<\/h2>\n\n\n\n<p style=\"font-size:17px\">Dans les zones attractives pour le tourisme \u0153nologique et les s\u00e9jours de courte dur\u00e9e, nous adaptons notre gestion aux attentes premium de cette client\u00e8le sp\u00e9cifique.<\/p>\n\n\n\n<div id=\"wp-block-themeisle-blocks-advanced-columns-678cc482\" class=\"wp-block-themeisle-blocks-advanced-columns alignfull has-1-columns has-desktop-equal-layout has-tablet-equal-layout has-mobile-equal-layout has-vertical-top ticss-c00aadba\"><div class=\"wp-block-themeisle-blocks-advanced-columns-overlay\"><\/div><div class=\"innerblocks-wrap\">\n<div id=\"wp-block-themeisle-blocks-advanced-column-4d412c51\" class=\"wp-block-themeisle-blocks-advanced-column\">\n<h2 id=\"wp-block-themeisle-blocks-advanced-heading-fb3c7a39\" class=\"wp-block-themeisle-blocks-advanced-heading wp-block-themeisle-blocks-advanced-heading-fb3c7a39\">Audit gratuit de votre logement<\/h2>\n\n\n\n<p class=\"has-text-align-center has-text-color\" style=\"color:#fefefe\">N&rsquo;attendez pas<\/p>\n\n\n\n<div class=\"wp-block-buttons is-content-justification-center is-layout-flex wp-container-core-buttons-is-layout-a89b3969 wp-block-buttons-is-layout-flex\">\n<div class=\"wp-block-button is-style-primary\"><a class=\"wp-block-button__link has-accent-background-color has-background wp-element-button\" href=\"https:\/\/conciergeriedesvigneschalon.fr\/index.php\/contact\/\">Contactez Nous<\/a><\/div>\n<\/div>\n<\/div>\n<\/div><\/div>\n\n\n\n<p><\/p>\n\n\n\n<p style=\"font-size:17px\">Nous intervenons sur toutes les communes du Grand Chalon et les communes limitrophes, m\u00eame si non mentionn\u00e9es ci-dessous:<\/p>\n\n\n\n<p style=\"font-size:17px\">Allerey-sur-Sa\u00f4ne, Aluze, Barizey, Bouzeron,&nbsp;Chagny, Chalon-sur-Sa\u00f4ne, Chamilly, Champforgeuil, Charrecey, Chassey-le-Camp, Ch\u00e2tenoy-en-Bresse, Ch\u00e2tenoy-le-Royal, Chaudenay, Cheilly-l\u00e8s-Maranges, Crissey, Demigny, Dennevy, Dracy-le-Fort, \u00c9pervans, Farges-l\u00e8s-Chalon, Fontaines, Fragnes-La-Loy\u00e8re, Gergy, Givry, Jambles, La Charm\u00e9e, Lans, Lessard-le-National, Lux, Marnay, Mellecey, Mercurey, Oslon, Remigny, Rully, Saint-B\u00e9rain-sur-Dheune, Saint-Denis-de-Vaux, Saint-D\u00e9sert, Saint-Gilles, Saint-Jean-de-Vaux, Saint-L\u00e9ger-sur-Dheune, Saint-Loup-de-Varennes, Saint-Loup-G\u00e9anges, Saint-Marcel, Saint-Mard-de-Vaux, Saint-Martin-sous-Montaigu, Saint-R\u00e9my, Saint-Sernin-du-Plain, Sampigny-l\u00e8s-Maranges, Sassenay, Sevrey, Varennes-le-Grand, Virey-le-Grand<\/p>\n\n\n\n<p><\/p>\n","protected":false},"excerpt":{"rendered":"<p>La Conciergerie des Vignes Chalon intervient sur l\u2019ensemble du Grand Chalon pour la gestion de locations saisonni\u00e8res et meubl\u00e9s de tourisme, ou le gardiennage d&rsquo;un bien. Chalon-sur-Sa\u00f4ne Notre base: nous pouvons g\u00e9rer des locations Airbnb situ\u00e9es en centre-ville, proches des axes professionnels et touristiques. Saint-R\u00e9my, Lux, Champforgeuil, Saint Marcel, Crissey [&hellip;]<\/p>\n","protected":false},"author":1,"featured_media":23,"parent":0,"menu_order":0,"comment_status":"closed","ping_status":"closed","template":"","meta":{"_themeisle_gutenberg_block_has_review":false,"footnotes":""},"class_list":["post-47","page","type-page","status-publish","has-post-thumbnail","hentry"],"_links":{"self":[{"href":"https:\/\/conciergeriedesvigneschalon.fr\/index.php\/wp-json\/wp\/v2\/pages\/47","targetHints":{"allow":["GET"]}}],"collection":[{"href":"https:\/\/conciergeriedesvigneschalon.fr\/index.php\/wp-json\/wp\/v2\/pages"}],"about":[{"href":"https:\/\/conciergeriedesvigneschalon.fr\/index.php\/wp-json\/wp\/v2\/types\/page"}],"author":[{"embeddable":true,"href":"https:\/\/conciergeriedesvigneschalon.fr\/index.php\/wp-json\/wp\/v2\/users\/1"}],"replies":[{"embeddable":true,"href":"https:\/\/conciergeriedesvigneschalon.fr\/index.php\/wp-json\/wp\/v2\/comments?post=47"}],"version-history":[{"count":12,"href":"https:\/\/conciergeriedesvigneschalon.fr\/index.php\/wp-json\/wp\/v2\/pages\/47\/revisions"}],"predecessor-version":[{"id":481,"href":"https:\/\/conciergeriedesvigneschalon.fr\/index.php\/wp-json\/wp\/v2\/pages\/47\/revisions\/481"}],"wp:featuredmedia":[{"embeddable":true,"href":"https:\/\/conciergeriedesvigneschalon.fr\/index.php\/wp-json\/wp\/v2\/media\/23"}],"wp:attachment":[{"href":"https:\/\/conciergeriedesvigneschalon.fr\/index.php\/wp-json\/wp\/v2\/media?parent=47"}],"curies":[{"name":"wp","href":"https:\/\/api.w.org\/{rel}","templated":true}]}}