{"id":537,"date":"2026-02-02T15:42:18","date_gmt":"2026-02-02T14:42:18","guid":{"rendered":"https:\/\/conciergeriedesvigneschalon.fr\/?page_id=537"},"modified":"2026-02-04T17:24:50","modified_gmt":"2026-02-04T16:24:50","slug":"gardiennage","status":"publish","type":"page","link":"https:\/\/conciergeriedesvigneschalon.fr\/index.php\/gardiennage\/","title":{"rendered":"Gardiennage"},"content":{"rendered":"\n<h1 class=\"wp-block-heading\"><strong>Nos formules d\u2019accompagnement pour votre r\u00e9sidence secondaire<\/strong><\/h1>\n\n\n\n<p>A <strong>la Conciergerie des Vignes Chalon<\/strong>, nous comprenons que chaque propri\u00e9t\u00e9 a des besoins uniques. C\u2019est pourquoi nous proposons <strong>trois formules adaptables<\/strong>, que vous pouvez compl\u00e9ter avec des <strong>services sur mesure<\/strong> pour l\u2019entretien de votre bien (chauffage, jardin, piscine&#8230;) ou votre prochaine arriv\u00e9e (a\u00e9ration, m\u00e9nage, livraison courses&#8230;). Pour les prestations d&rsquo;entretien ou de petite r\u00e9paration, nous collaborons avec des <strong>partenaires locaux<\/strong>, dont les tarifs varient selon la superficie, la complexit\u00e9 des travaux ou la distance. <strong>Un devis d\u00e9taill\u00e9 vous est syst\u00e9matiquement soumis avant toute intervention.<\/strong><\/p>\n\n\n\n<p>Nous pouvons aussi prendre en charge <strong>la propri\u00e9t\u00e9 d&rsquo;un de vos proches<\/strong> pour faire notre visite avec lui et l&rsquo;assister dans les tracas du quotidien li\u00e9s \u00e0 l&rsquo;entretien de son logement.<\/p>\n\n\n\n<p>Chaque visite fait l&rsquo;objet d&rsquo;un retour par t\u00e9l\u00e9phone ou par email.<\/p>\n\n\n\n<p>Notre objectif ? Vous offrir une <strong>s\u00e9r\u00e9nit\u00e9 totale<\/strong>. Besoin d\u2019une solution personnalis\u00e9e ? <\/p>\n\n\n\n<p><strong>Contactez-nous<\/strong> : nous \u00e9tudierons votre demande avec attention pour vous proposer la meilleure approche.<\/p>\n\n\n\n<hr class=\"wp-block-separator has-alpha-channel-opacity\"\/>\n\n\n\n<figure class=\"wp-block-image alignwide size-large\"><img loading=\"lazy\" decoding=\"async\" width=\"1024\" height=\"404\" src=\"https:\/\/conciergeriedesvigneschalon.fr\/wp-content\/uploads\/2026\/02\/Maisons-grand-Chalon-gardiennage-1024x404.png\" alt=\"\" class=\"wp-image-600\" srcset=\"https:\/\/conciergeriedesvigneschalon.fr\/wp-content\/uploads\/2026\/02\/Maisons-grand-Chalon-gardiennage-1024x404.png 1024w, https:\/\/conciergeriedesvigneschalon.fr\/wp-content\/uploads\/2026\/02\/Maisons-grand-Chalon-gardiennage-300x118.png 300w, https:\/\/conciergeriedesvigneschalon.fr\/wp-content\/uploads\/2026\/02\/Maisons-grand-Chalon-gardiennage-768x303.png 768w, https:\/\/conciergeriedesvigneschalon.fr\/wp-content\/uploads\/2026\/02\/Maisons-grand-Chalon-gardiennage.png 1536w\" sizes=\"auto, (max-width: 1024px) 100vw, 1024px\" \/><\/figure>\n\n\n\n<section id=\"wp-block-themeisle-blocks-advanced-columns-dab9e0bf\" class=\"wp-block-themeisle-blocks-advanced-columns alignfull has-1-columns has-desktop-equal-layout has-tablet-equal-layout has-mobile-equal-layout has-vertical-flex-start\"><div class=\"wp-block-themeisle-blocks-advanced-columns-overlay\"><\/div><div class=\"innerblocks-wrap\">\n<div id=\"wp-block-themeisle-blocks-advanced-column-9df22226\" class=\"wp-block-themeisle-blocks-advanced-column\">\n<section id=\"wp-block-themeisle-blocks-advanced-columns-25c95699\" class=\"wp-block-themeisle-blocks-advanced-columns has-1-columns has-desktop-equal-layout has-tablet-equal-layout has-mobile-collapsedRows-layout has-vertical-flex-start\"><div class=\"wp-block-themeisle-blocks-advanced-columns-overlay\"><\/div><div class=\"innerblocks-wrap\">\n<div id=\"wp-block-themeisle-blocks-advanced-column-d4d9a4f8\" class=\"wp-block-themeisle-blocks-advanced-column\">\n<h2 class=\"wp-block-heading has-text-align-center has-text-color has-link-color has-x-large-font-size wp-elements-cf010616bf106830e2f6ff3511b5ec48\" style=\"color:#3f3d3d\">Plusieurs formules, toujours adaptables \u00e0 votre besoin particulier<\/h2>\n\n\n\n<p class=\"has-text-align-center has-text-color has-link-color wp-elements-4ff5f0738a792509679396e2f5b86e6d\" style=\"color:#3f3d3d\">Ces propositions vous donnent une id\u00e9e du prix de nos services<\/p>\n<\/div>\n<\/div><\/section>\n\n\n\n<section id=\"wp-block-themeisle-blocks-advanced-columns-b56443a0\" class=\"wp-block-themeisle-blocks-advanced-columns has-3-columns has-desktop-equal-layout has-tablet-equal-layout has-mobile-collapsedRows-layout has-vertical-flex-start\"><div class=\"wp-block-themeisle-blocks-advanced-columns-overlay\"><\/div><div class=\"innerblocks-wrap\">\n<div id=\"wp-block-themeisle-blocks-advanced-column-8b257f59\" class=\"wp-block-themeisle-blocks-advanced-column has-light-bg\">\n<h3 id=\"wp-block-themeisle-blocks-advanced-heading-6dc90e07\" class=\"wp-block-themeisle-blocks-advanced-heading wp-block-themeisle-blocks-advanced-heading-6dc90e07\">Sans engagement<\/h3>\n\n\n\n<h2 id=\"wp-block-themeisle-blocks-advanced-heading-0b1abecd\" class=\"wp-block-themeisle-blocks-advanced-heading wp-block-themeisle-blocks-advanced-heading-0b1abecd\">0\u20ac\/mois<\/h2>\n\n\n\n<hr class=\"wp-block-separator has-text-color has-nv-site-bg-color has-css-opacity has-nv-site-bg-background-color has-background\"\/>\n\n\n\n<p id=\"wp-block-themeisle-blocks-advanced-heading-cf3bf296\" class=\"wp-block-themeisle-blocks-advanced-heading wp-block-themeisle-blocks-advanced-heading-cf3bf296\"><strong>Pour ceux qui g\u00e8rent eux-m\u00eames leur propri\u00e9t\u00e9, mais souhaitent un soutien ponctuel<\/strong><\/p>\n\n\n\n<hr class=\"wp-block-separator has-text-color has-nv-site-bg-color has-css-opacity has-nv-site-bg-background-color has-background\"\/>\n\n\n\n<div id=\"wp-block-themeisle-blocks-icon-list-20efc1f0\" class=\"wp-block-themeisle-blocks-icon-list\">\n<div id=\"wp-block-themeisle-blocks-icon-list-item-b4151cc1\" class=\"wp-block-themeisle-blocks-icon-list-item\"><i class=\"fas fa-check wp-block-themeisle-blocks-icon-list-item-icon\"><\/i><p class=\"wp-block-themeisle-blocks-icon-list-item-content-custom\">Visite \u00e0 la demande: 75\u20ac\/visite hors frais de d\u00e9placement<\/p><\/div>\n\n\n\n<div id=\"wp-block-themeisle-blocks-icon-list-item-be1ce24b\" class=\"wp-block-themeisle-blocks-icon-list-item\"><i class=\"fas fa-check wp-block-themeisle-blocks-icon-list-item-icon\"><\/i><p class=\"wp-block-themeisle-blocks-icon-list-item-content-custom\"><strong>20 % de commission<\/strong> sur les devis des entreprises d\u2019entretien ou de r\u00e9paration<\/p><\/div>\n<\/div>\n<\/div>\n\n\n\n<div id=\"wp-block-themeisle-blocks-advanced-column-f8505509\" class=\"wp-block-themeisle-blocks-advanced-column has-light-bg\">\n<h3 id=\"wp-block-themeisle-blocks-advanced-heading-79a27878\" class=\"wp-block-themeisle-blocks-advanced-heading wp-block-themeisle-blocks-advanced-heading-79a27878\">Abonnement<\/h3>\n\n\n\n<h2 id=\"wp-block-themeisle-blocks-advanced-heading-695ae192\" class=\"wp-block-themeisle-blocks-advanced-heading wp-block-themeisle-blocks-advanced-heading-695ae192\">59\u20ac\/mois<\/h2>\n\n\n\n<p id=\"wp-block-themeisle-blocks-advanced-heading-30dd530d\" class=\"wp-block-themeisle-blocks-advanced-heading wp-block-themeisle-blocks-advanced-heading-30dd530d\">hors frais de d\u00e9placement, engagement annuel<\/p>\n\n\n\n<p class=\"has-text-align-center\" style=\"font-size:15px\"><strong>Id\u00e9al pour un suivi r\u00e9gulier, tout en gardant la main sur les d\u00e9cisions.<\/strong><\/p>\n\n\n\n<hr class=\"wp-block-separator has-text-color has-nv-site-bg-color has-css-opacity has-nv-site-bg-background-color has-background\"\/>\n\n\n\n<div id=\"wp-block-themeisle-blocks-icon-list-a782a356\" class=\"wp-block-themeisle-blocks-icon-list\">\n<div id=\"wp-block-themeisle-blocks-icon-list-item-d5601ac9\" class=\"wp-block-themeisle-blocks-icon-list-item\"><i class=\"fas fa-check wp-block-themeisle-blocks-icon-list-item-icon\"><\/i><p class=\"wp-block-themeisle-blocks-icon-list-item-content-custom\"><strong>12 visites annuelles<\/strong><\/p><\/div>\n\n\n\n<div id=\"wp-block-themeisle-blocks-icon-list-item-28cdbe61\" class=\"wp-block-themeisle-blocks-icon-list-item\"><i class=\"fas fa-check wp-block-themeisle-blocks-icon-list-item-icon\"><\/i><p class=\"wp-block-themeisle-blocks-icon-list-item-content-custom\"><strong>50 \u20ac par visite suppl\u00e9mentaire<\/strong><\/p><\/div>\n\n\n\n<div id=\"wp-block-themeisle-blocks-icon-list-item-fd1e09fc\" class=\"wp-block-themeisle-blocks-icon-list-item\"><i class=\"fas fa-check wp-block-themeisle-blocks-icon-list-item-icon\"><\/i><p class=\"wp-block-themeisle-blocks-icon-list-item-content-custom\"><strong>Vidage de la bo\u00eete aux lettres<\/strong><\/p><\/div>\n\n\n\n<div id=\"wp-block-themeisle-blocks-icon-list-item-6ccca3ef\" class=\"wp-block-themeisle-blocks-icon-list-item\"><i class=\"fas fa-check wp-block-themeisle-blocks-icon-list-item-icon\"><\/i><p class=\"wp-block-themeisle-blocks-icon-list-item-content-custom\"><strong>15 % de commission<\/strong> sur les interventions d\u2019entreprises partenaires.<\/p><\/div>\n\n\n\n<div id=\"wp-block-themeisle-blocks-icon-list-item-b880a9c0\" class=\"wp-block-themeisle-blocks-icon-list-item\"><i class=\"fas fa-check wp-block-themeisle-blocks-icon-list-item-icon\"><\/i><p class=\"wp-block-themeisle-blocks-icon-list-item-content-custom\">Frais de d\u00e9placement au-del\u00e0 de 8 km<\/p><\/div>\n<\/div>\n<\/div>\n\n\n\n<div id=\"wp-block-themeisle-blocks-advanced-column-43c95925\" class=\"wp-block-themeisle-blocks-advanced-column has-light-bg\">\n<h3 id=\"wp-block-themeisle-blocks-advanced-heading-e70d960d\" class=\"wp-block-themeisle-blocks-advanced-heading wp-block-themeisle-blocks-advanced-heading-e70d960d\">Abonnement Premium<\/h3>\n\n\n\n<h2 id=\"wp-block-themeisle-blocks-advanced-heading-0d527ed7\" class=\"wp-block-themeisle-blocks-advanced-heading wp-block-themeisle-blocks-advanced-heading-0d527ed7\">89\u20ac\/mois<\/h2>\n\n\n\n<p id=\"wp-block-themeisle-blocks-advanced-heading-0d2bbf17\" class=\"wp-block-themeisle-blocks-advanced-heading wp-block-themeisle-blocks-advanced-heading-0d2bbf17\">hors frais de d\u00e9placement, engagement annuel<\/p>\n\n\n\n<p class=\"has-text-align-center\" style=\"font-size:15px\"><strong><strong>La solution cl\u00e9 en main pour une gestion compl\u00e8te et sans souci.<\/strong><\/strong><\/p>\n\n\n\n<hr class=\"wp-block-separator has-text-color has-nv-site-bg-color has-css-opacity has-nv-site-bg-background-color has-background\"\/>\n\n\n\n<div id=\"wp-block-themeisle-blocks-icon-list-2da335bc\" class=\"wp-block-themeisle-blocks-icon-list\">\n<div id=\"wp-block-themeisle-blocks-icon-list-item-b8e72ac6\" class=\"wp-block-themeisle-blocks-icon-list-item\"><i class=\"fas fa-check wp-block-themeisle-blocks-icon-list-item-icon\"><\/i><p class=\"wp-block-themeisle-blocks-icon-list-item-content-custom\"><strong>12 visites annuelles<\/strong><\/p><\/div>\n\n\n\n<div id=\"wp-block-themeisle-blocks-icon-list-item-7cf02dc0\" class=\"wp-block-themeisle-blocks-icon-list-item\"><i class=\"fas fa-check wp-block-themeisle-blocks-icon-list-item-icon\"><\/i><p class=\"wp-block-themeisle-blocks-icon-list-item-content-custom\">visites suppl\u00e9mentaires en cas de mauvais temps (alerte m\u00e9t\u00e9o)<\/p><\/div>\n\n\n\n<div id=\"wp-block-themeisle-blocks-icon-list-item-38111859\" class=\"wp-block-themeisle-blocks-icon-list-item\"><i class=\"fas fa-check wp-block-themeisle-blocks-icon-list-item-icon\"><\/i><p class=\"wp-block-themeisle-blocks-icon-list-item-content-custom\"><strong>Vidage de la bo\u00eete aux lettres<\/strong><\/p><\/div>\n\n\n\n<div id=\"wp-block-themeisle-blocks-icon-list-item-94a634eb\" class=\"wp-block-themeisle-blocks-icon-list-item\"><i class=\"fas fa-check wp-block-themeisle-blocks-icon-list-item-icon\"><\/i><p class=\"wp-block-themeisle-blocks-icon-list-item-content-custom\">r\u00e9exp\u00e9dition mensuelle du courrier par Mondial Relay<\/p><\/div>\n\n\n\n<div id=\"wp-block-themeisle-blocks-icon-list-item-bca878d1\" class=\"wp-block-themeisle-blocks-icon-list-item\"><i class=\"fas fa-check wp-block-themeisle-blocks-icon-list-item-icon\"><\/i><p class=\"wp-block-themeisle-blocks-icon-list-item-content\">Hivernage de la maison<\/p><\/div>\n\n\n\n<div id=\"wp-block-themeisle-blocks-icon-list-item-5fdf7e3b\" class=\"wp-block-themeisle-blocks-icon-list-item\"><i class=\"fas fa-check wp-block-themeisle-blocks-icon-list-item-icon\"><\/i><p class=\"wp-block-themeisle-blocks-icon-list-item-content-custom\"><strong>10 % de commission<\/strong> sur les interventions externes<\/p><\/div>\n\n\n\n<div id=\"wp-block-themeisle-blocks-icon-list-item-914ea1cd\" class=\"wp-block-themeisle-blocks-icon-list-item\"><i class=\"fas fa-check wp-block-themeisle-blocks-icon-list-item-icon\"><\/i><p class=\"wp-block-themeisle-blocks-icon-list-item-content\">Frais de d\u00e9placement au-del\u00e0 de 15 km.<\/p><\/div>\n<\/div>\n<\/div>\n<\/div><\/section>\n<\/div>\n<\/div><\/section>\n\n\n\n<hr class=\"wp-block-separator has-alpha-channel-opacity\"\/>\n\n\n\n<p>Les tarifs sont \u00e0 compl\u00e9ter des frais de d\u00e9placement entre notre si\u00e8ge \u00e0 Chalon-sur-Sa\u00f4ne et le bien \u00e0 superviser. Ils sont calcul\u00e9s sur la base aller-retour selon le  bar\u00e8me kilom\u00e9trique des Frais professionnels pour un v\u00e9hicule de 5 CV, consultable sur <a href=\"https:\/\/www.service-public.fr\" target=\"_blank\" rel=\"noreferrer noopener\">Service-public.fr<\/a>.<\/p>\n\n\n\n<hr class=\"wp-block-separator has-alpha-channel-opacity\"\/>\n\n\n\n<p><strong>Besoin d\u2019un conseil ou d\u2019une formule sur mesure ?<\/strong> Parlons-en ensemble pour trouver la solution qui vous correspond parfaitement !<\/p>\n\n\n\n<div id=\"wp-block-themeisle-blocks-advanced-columns-678cc482\" class=\"wp-block-themeisle-blocks-advanced-columns alignfull has-1-columns has-desktop-equal-layout has-tablet-equal-layout has-mobile-equal-layout has-vertical-top ticss-c00aadba\"><div class=\"wp-block-themeisle-blocks-advanced-columns-overlay\"><\/div><div class=\"innerblocks-wrap\">\n<div id=\"wp-block-themeisle-blocks-advanced-column-4d412c51\" class=\"wp-block-themeisle-blocks-advanced-column\">\n<h2 id=\"wp-block-themeisle-blocks-advanced-heading-fb3c7a39\" class=\"wp-block-themeisle-blocks-advanced-heading wp-block-themeisle-blocks-advanced-heading-fb3c7a39\">Audit gratuit de votre logement<\/h2>\n\n\n\n<p class=\"has-text-align-center has-text-color\" style=\"color:#fefefe\">N&rsquo;attendez pas<\/p>\n\n\n\n<div class=\"wp-block-buttons is-content-justification-center is-layout-flex wp-container-core-buttons-is-layout-a89b3969 wp-block-buttons-is-layout-flex\">\n<div class=\"wp-block-button is-style-primary\"><a class=\"wp-block-button__link has-accent-background-color has-background wp-element-button\" href=\"https:\/\/conciergeriedesvigneschalon.fr\/index.php\/contact\/\">Contactez NOUS<\/a><\/div>\n<\/div>\n<\/div>\n<\/div><\/div>\n","protected":false},"excerpt":{"rendered":"<p>Nos formules d\u2019accompagnement pour votre r\u00e9sidence secondaire A la Conciergerie des Vignes Chalon, nous comprenons que chaque propri\u00e9t\u00e9 a des besoins uniques. C\u2019est pourquoi nous proposons trois formules adaptables, que vous pouvez compl\u00e9ter avec des services sur mesure pour l\u2019entretien de votre bien (chauffage, jardin, piscine&#8230;) ou votre prochaine arriv\u00e9e [&hellip;]<\/p>\n","protected":false},"author":1,"featured_media":23,"parent":0,"menu_order":0,"comment_status":"closed","ping_status":"closed","template":"","meta":{"_themeisle_gutenberg_block_has_review":false,"footnotes":""},"class_list":["post-537","page","type-page","status-publish","has-post-thumbnail","hentry"],"_links":{"self":[{"href":"https:\/\/conciergeriedesvigneschalon.fr\/index.php\/wp-json\/wp\/v2\/pages\/537","targetHints":{"allow":["GET"]}}],"collection":[{"href":"https:\/\/conciergeriedesvigneschalon.fr\/index.php\/wp-json\/wp\/v2\/pages"}],"about":[{"href":"https:\/\/conciergeriedesvigneschalon.fr\/index.php\/wp-json\/wp\/v2\/types\/page"}],"author":[{"embeddable":true,"href":"https:\/\/conciergeriedesvigneschalon.fr\/index.php\/wp-json\/wp\/v2\/users\/1"}],"replies":[{"embeddable":true,"href":"https:\/\/conciergeriedesvigneschalon.fr\/index.php\/wp-json\/wp\/v2\/comments?post=537"}],"version-history":[{"count":13,"href":"https:\/\/conciergeriedesvigneschalon.fr\/index.php\/wp-json\/wp\/v2\/pages\/537\/revisions"}],"predecessor-version":[{"id":606,"href":"https:\/\/conciergeriedesvigneschalon.fr\/index.php\/wp-json\/wp\/v2\/pages\/537\/revisions\/606"}],"wp:featuredmedia":[{"embeddable":true,"href":"https:\/\/conciergeriedesvigneschalon.fr\/index.php\/wp-json\/wp\/v2\/media\/23"}],"wp:attachment":[{"href":"https:\/\/conciergeriedesvigneschalon.fr\/index.php\/wp-json\/wp\/v2\/media?parent=537"}],"curies":[{"name":"wp","href":"https:\/\/api.w.org\/{rel}","templated":true}]}}