{"id":548,"date":"2026-02-02T16:02:33","date_gmt":"2026-02-02T15:02:33","guid":{"rendered":"https:\/\/conciergeriedesvigneschalon.fr\/?page_id=548"},"modified":"2026-02-02T16:40:17","modified_gmt":"2026-02-02T15:40:17","slug":"services","status":"publish","type":"page","link":"https:\/\/conciergeriedesvigneschalon.fr\/index.php\/services\/","title":{"rendered":"Services"},"content":{"rendered":"\n<p>La Conciergerie des Vignes Chalon proposent des services de diff\u00e9rentes natures:<\/p>\n\n\n\n<section id=\"wp-block-themeisle-blocks-advanced-columns-c37ca91b\" class=\"wp-block-themeisle-blocks-advanced-columns alignfull has-1-columns has-desktop-equal-layout has-tablet-equal-layout has-mobile-equal-layout has-vertical-flex-start has-light-bg\"><div class=\"wp-block-themeisle-blocks-advanced-columns-overlay\"><\/div><div class=\"innerblocks-wrap\">\n<div id=\"wp-block-themeisle-blocks-advanced-column-98de30a5\" class=\"wp-block-themeisle-blocks-advanced-column\">\n<section id=\"wp-block-themeisle-blocks-advanced-columns-9355c6a2\" class=\"wp-block-themeisle-blocks-advanced-columns has-2-columns has-desktop-equal-layout has-tablet-equal-layout has-mobile-collapsedRows-layout has-vertical-center has-reverse-columns-mobile has-light-bg\"><div class=\"wp-block-themeisle-blocks-advanced-columns-overlay\"><\/div><div class=\"innerblocks-wrap\">\n<div id=\"wp-block-themeisle-blocks-advanced-column-cabc51ff\" class=\"wp-block-themeisle-blocks-advanced-column\">\n<div id=\"wp-block-themeisle-blocks-font-awesome-icons-ba06b260\" class=\"wp-block-themeisle-blocks-font-awesome-icons\"><span class=\"wp-block-themeisle-blocks-font-awesome-icons-container\"><svg xmlns=\"http:\/\/www.w3.org\/2000\/svg\" viewBox=\"0 0 1800 1800\"><path d=\"M241.023,324.818c0.252,0,0.505,0.035,0.758,0.035h465.68c17.266,0,31.256-13.99,31.256-31.252 c0-17.262-13.99-31.247-31.256-31.247H351.021h-109.24c-17.258,0-31.252,13.985-31.252,31.247 C210.529,310.605,224.121,324.412,241.023,324.818z\"><\/path><path d=\"M210.529,450.306c0,17.257,13.994,31.252,31.252,31.252h769.451c17.262,0,31.256-13.995,31.256-31.252 c0-17.266-13.994-31.252-31.256-31.252H241.781C224.523,419.054,210.529,433.04,210.529,450.306z\"><\/path><path d=\"M1011.232,575.751H241.781c-8.149,0-15.549,3.147-21.116,8.261c-6.213,5.712-10.136,13.879-10.136,22.987 c0,17.262,13.994,31.26,31.252,31.26h769.451c17.262,0,31.256-13.999,31.256-31.26c0-9.108-3.923-17.275-10.141-22.987 C1026.781,578.898,1019.386,575.751,1011.232,575.751z\"><\/path><path d=\"M1011.232,732.461H241.781c-17.258,0-31.252,13.99-31.252,31.247c0,17.262,13.994,31.257,31.252,31.257 h769.451c17.262,0,31.256-13.995,31.256-31.257C1042.488,746.451,1028.494,732.461,1011.232,732.461z\"><\/path><path d=\"M1011.232,889.157H241.781c-8.149,0-15.549,3.147-21.116,8.261c-6.213,5.713-10.136,13.879-10.136,22.987 c0,17.257,13.994,31.261,31.252,31.261h769.451c17.262,0,31.256-14.004,31.256-31.261c0-9.108-3.923-17.274-10.141-22.987 C1026.781,892.305,1019.386,889.157,1011.232,889.157z\"><\/path><path d=\"M1011.232,1045.867H241.781c-17.258,0-31.252,13.99-31.252,31.243c0,17.271,13.994,31.265,31.252,31.265 h769.451c17.262,0,31.256-13.994,31.256-31.265C1042.488,1059.857,1028.494,1045.867,1011.232,1045.867z\"><\/path><path d=\"M1011.232,1202.576H241.781c-17.258,0-31.252,13.995-31.252,31.252c0,17.258,13.994,31.252,31.252,31.252 h769.451c17.262,0,31.256-13.994,31.256-31.252C1042.488,1216.571,1028.494,1202.576,1011.232,1202.576z\"><\/path><path d=\"M1011.232,1359.273H241.781c-8.149,0-15.549,3.151-21.116,8.265c-6.213,5.713-10.136,13.875-10.136,22.987 c0,17.258,13.994,31.261,31.252,31.261h769.451c17.262,0,31.256-14.003,31.256-31.261c0-9.112-3.923-17.274-10.141-22.987 C1026.781,1362.425,1019.386,1359.273,1011.232,1359.273z\"><\/path><path d=\"M1233.542,251.228l-49.851-45.109L1052.136,87.076l-59.185-53.554c-5.293-4.792-11.947-7.421-18.786-7.836 h-3.49H83.676c-45.688,0-82.858,37.375-82.858,83.316v1583.612c0,45.94,37.17,83.316,82.858,83.316h1078.562 c45.68,0,82.845-37.376,82.845-83.316V277.08v-3.182C1244.646,264.73,1240.261,256.589,1233.542,251.228z M1003.117,125.864 l131.119,118.657h-131.119V125.864z M1183.691,1692.613c0,12.094-9.622,21.926-21.454,21.926H83.676 c-11.836,0-21.467-9.832-21.467-21.926V109.001c0-12.089,9.631-21.925,21.467-21.925h857.857V275.38 c0,17.052,13.785,30.862,30.786,30.862h211.372V1692.613z\"><\/path><path d=\"M1798.578,180.737c-7.049-88.305-81.114-158.02-171.205-158.02c-0.004,0-0.004,0-0.004,0 c-45.889,0-89.033,17.874-121.479,50.32c-29.18,29.175-46.519,67.005-49.73,107.699h-0.586v13.609c0,0.06-0.005,0.115-0.005,0.175 c0,0.026,0.005,0.056,0.005,0.082l-0.005,1369.26h0.197c0.557,5.404,2.522,10.731,6.047,15.373l141.135,185.91 c5.803,7.648,14.851,12.136,24.447,12.136c9.601-0.004,18.646-4.496,24.447-12.14l141.093-185.897 c3.528-4.65,5.494-9.982,6.051-15.391h0.197V180.737H1798.578z M1549.299,116.448c20.854-20.855,48.578-32.339,78.07-32.339h0.004 c50.24,0,92.746,33.723,106.076,79.718h-212.19C1526.358,146.098,1535.896,129.852,1549.299,116.448z M1595.372,1502.468 l-78.413,0.005l0.005-1260.345h220.828v1260.336h-81.103l0.009-1016.486l-61.335,0.004L1595.372,1502.468z M1627.382,1695.821 l-100.171-131.963l200.338-0.004L1627.382,1695.821z\"><\/path><\/svg><\/span><\/div>\n\n\n\n<div id=\"wp-block-themeisle-blocks-advanced-heading-f46be3af\" class=\"wp-block-themeisle-blocks-advanced-heading wp-block-themeisle-blocks-advanced-heading-f46be3af\"><\/div>\n\n\n\n<h2 class=\"wp-block-heading has-text-align-center has-text-color has-link-color wp-elements-69ed0f63894ae3b257ee5c604949a9d0\" style=\"color:#080808\">services de pr\u00e9paration \u00e0 la mise en location<\/h2>\n\n\n\n<ul class=\"wp-block-list\">\n<li>une visite pr\u00e9paratoire pour d\u00e9terminer les atouts \u00e0 mettre en \u00e9vidence, les accessoires personnels \u00e0 ranger, les petites am\u00e9liorations pouvant \u00eatre apport\u00e9es&#8230;<\/li>\n\n\n\n<li>Une autre s\u00e9ance pour prendre les photos du logement,<\/li>\n\n\n\n<li>la d\u00e9termination du prix des nuit\u00e9es et des promotions,<\/li>\n\n\n\n<li>la mise en ligne sur la plateforme de location Airbnb d&rsquo;une annonce comportant la desciption du logement et ses photos.<\/li>\n<\/ul>\n<\/div>\n\n\n\n<div id=\"wp-block-themeisle-blocks-advanced-column-4fba61ac\" class=\"wp-block-themeisle-blocks-advanced-column\"><div class=\"wp-block-image ticss-0c5bbe67\">\n<figure class=\"aligncenter size-full\"><img loading=\"lazy\" decoding=\"async\" width=\"1024\" height=\"576\" src=\"https:\/\/conciergeriedesvigneschalon.fr\/wp-content\/uploads\/2026\/02\/Services-type-1-Preparation-valorisation-et-mise-en-ligne-optimisee-dun-logement-edited-1.jpg\" alt=\"\" class=\"wp-image-553\" srcset=\"https:\/\/conciergeriedesvigneschalon.fr\/wp-content\/uploads\/2026\/02\/Services-type-1-Preparation-valorisation-et-mise-en-ligne-optimisee-dun-logement-edited-1.jpg 1024w, https:\/\/conciergeriedesvigneschalon.fr\/wp-content\/uploads\/2026\/02\/Services-type-1-Preparation-valorisation-et-mise-en-ligne-optimisee-dun-logement-edited-1-300x169.jpg 300w, https:\/\/conciergeriedesvigneschalon.fr\/wp-content\/uploads\/2026\/02\/Services-type-1-Preparation-valorisation-et-mise-en-ligne-optimisee-dun-logement-edited-1-768x432.jpg 768w\" sizes=\"auto, (max-width: 1024px) 100vw, 1024px\" \/><\/figure>\n<\/div><\/div>\n<\/div><\/section>\n\n\n\n<section id=\"wp-block-themeisle-blocks-advanced-columns-53594de6\" class=\"wp-block-themeisle-blocks-advanced-columns has-2-columns has-desktop-equal-layout has-tablet-equal-layout has-mobile-collapsedRows-layout has-vertical-center has-light-bg\"><div class=\"wp-block-themeisle-blocks-advanced-columns-overlay\"><\/div><div class=\"innerblocks-wrap\">\n<div id=\"wp-block-themeisle-blocks-advanced-column-15d444cd\" class=\"wp-block-themeisle-blocks-advanced-column\">\n<figure class=\"wp-block-image size-full ticss-fab6ef94\"><img loading=\"lazy\" decoding=\"async\" width=\"1024\" height=\"768\" src=\"https:\/\/conciergeriedesvigneschalon.fr\/wp-content\/uploads\/2026\/02\/Services-type-2-Gestion-securisee-des-reservations.jpg\" alt=\"\" class=\"wp-image-554\" srcset=\"https:\/\/conciergeriedesvigneschalon.fr\/wp-content\/uploads\/2026\/02\/Services-type-2-Gestion-securisee-des-reservations.jpg 1024w, https:\/\/conciergeriedesvigneschalon.fr\/wp-content\/uploads\/2026\/02\/Services-type-2-Gestion-securisee-des-reservations-300x225.jpg 300w, https:\/\/conciergeriedesvigneschalon.fr\/wp-content\/uploads\/2026\/02\/Services-type-2-Gestion-securisee-des-reservations-768x576.jpg 768w\" sizes=\"auto, (max-width: 1024px) 100vw, 1024px\" \/><\/figure>\n<\/div>\n\n\n\n<div id=\"wp-block-themeisle-blocks-advanced-column-e1f44375\" class=\"wp-block-themeisle-blocks-advanced-column\">\n<div id=\"wp-block-themeisle-blocks-font-awesome-icons-520db5ed\" class=\"wp-block-themeisle-blocks-font-awesome-icons\"><span class=\"wp-block-themeisle-blocks-font-awesome-icons-container\"><svg xmlns=\"http:\/\/www.w3.org\/2000\/svg\" viewBox=\"0 0 1800 1800\"><path d=\"M1759.255,188.518H938.75L757.06,18.2c-5.796-5.437-13.448-8.461-21.396-8.461H40.745 c-17.28,0-31.287,14.006-31.287,31.286v410.815v1315.872c0,17.284,14.006,31.287,31.287,31.287h1718.51 c17.28,0,31.287-14.003,31.287-31.287V451.841V219.804C1790.542,202.524,1776.535,188.518,1759.255,188.518z M72.031,72.312h651.264 l181.689,170.32c5.797,5.434,13.448,8.459,21.396,8.459h801.588v169.464H72.031V72.312z M1727.969,1736.427H72.031V483.127h1655.938 V1736.427z\"><\/path><\/svg><\/span><\/div>\n\n\n\n<div id=\"wp-block-themeisle-blocks-advanced-heading-d08b30b8\" class=\"wp-block-themeisle-blocks-advanced-heading wp-block-themeisle-blocks-advanced-heading-d08b30b8\"><\/div>\n\n\n\n<h2 class=\"wp-block-heading has-text-align-center has-text-color has-link-color wp-elements-b66127864ed5d579e8fadbd94ff66df1\" style=\"color:#080808\">services de suivi des locations<\/h2>\n\n\n\n<ul class=\"wp-block-list\">\n<li>les r\u00e9ponses aux demandes de renseignement des h\u00f4tes qui envisagent une location,<\/li>\n\n\n\n<li>la confirmation aux locataires de la r\u00e9servation de l&rsquo;h\u00e9bergement, sous r\u00e9serve du refus par la conciergerie des Vignes d&rsquo;un locataire qui \u00e9veillerait une m\u00e9fiance particuli\u00e8re au vu des \u00e9l\u00e9ments disponibles sur Airbnb.<\/li>\n<\/ul>\n<\/div>\n<\/div><\/section>\n\n\n\n<section id=\"wp-block-themeisle-blocks-advanced-columns-1a2524d4\" class=\"wp-block-themeisle-blocks-advanced-columns has-2-columns has-desktop-equal-layout has-tablet-equal-layout has-mobile-collapsedRows-layout has-vertical-center has-reverse-columns-mobile has-light-bg\"><div class=\"wp-block-themeisle-blocks-advanced-columns-overlay\"><\/div><div class=\"innerblocks-wrap\">\n<div id=\"wp-block-themeisle-blocks-advanced-column-db1b8254\" class=\"wp-block-themeisle-blocks-advanced-column\">\n<div id=\"wp-block-themeisle-blocks-font-awesome-icons-4c0f1d75\" class=\"wp-block-themeisle-blocks-font-awesome-icons\"><span class=\"wp-block-themeisle-blocks-font-awesome-icons-container\"><svg xmlns=\"http:\/\/www.w3.org\/2000\/svg\" viewBox=\"0 0 1800 1800\"><path d=\"M1704.994,208.972h-323.283V92.869c0-46.782-38.061-84.844-84.844-84.844H1164.02 c-46.783,0-84.844,38.062-84.844,84.844v116.103H720.82V92.869c0-46.782-38.061-84.844-84.844-84.844H503.129 c-46.782,0-84.844,38.062-84.844,84.844v116.103H95.006c-46.935,0-85.123,38.061-85.123,84.844v265.97v1147.346 c0,46.783,38.188,84.844,85.123,84.844h1609.988c46.932,0,85.123-38.061,85.123-84.844V559.785v-265.97 C1790.117,247.032,1751.926,208.972,1704.994,208.972z M1141.692,271.488v-62.516V92.869c0-12.311,10.013-22.327,22.327-22.327 h132.848c12.307,0,22.327,10.017,22.327,22.327v116.103v62.516v107.171c0,12.311-10.021,22.327-22.327,22.327H1164.02 c-12.314,0-22.327-10.017-22.327-22.327V271.488z M480.802,271.488v-62.516V92.869c0-12.311,10.017-22.327,22.327-22.327h132.848 c12.311,0,22.327,10.017,22.327,22.327v116.103v62.516v107.171c0,12.311-10.017,22.327-22.327,22.327H503.129 c-12.311,0-22.327-10.017-22.327-22.327V271.488z M1727.601,1707.131c0,12.307-10.144,22.328-22.606,22.328H95.006 c-12.463,0-22.606-10.021-22.606-22.328V591.043h1655.201V1707.131z M1727.601,528.526H72.4V293.815 c0-12.311,10.143-22.328,22.606-22.328h323.279v107.171c0,46.782,38.062,84.844,84.844,84.844h132.848 c46.783,0,84.844-38.062,84.844-84.844V271.488h358.355v107.171c0,46.782,38.061,84.844,84.844,84.844h132.848 c46.783,0,84.844-38.062,84.844-84.844V271.488h323.283c12.463,0,22.606,10.017,22.606,22.328V528.526z\"><\/path><path d=\"M378.358,914.669h125.835c35.139,0,63.729-28.592,63.729-63.731V725.101 c0-35.142-28.589-63.731-63.729-63.731H378.358c-35.144,0-63.733,28.589-63.733,63.731v125.837 C314.625,886.077,343.214,914.669,378.358,914.669z M377.142,725.101c0-0.669,0.545-1.215,1.216-1.215h125.835 c0.667,0,1.212,0.545,1.212,1.215v125.837c0,0.669-0.545,1.212-1.212,1.212H378.358c-0.671,0-1.216-0.543-1.216-1.212V725.101z\"><\/path><path d=\"M837.079,914.669h125.838c35.14,0,63.729-28.592,63.729-63.731V725.101 c0-35.142-28.589-63.731-63.729-63.731H837.079c-35.144,0-63.733,28.589-63.733,63.731v125.837 C773.346,886.077,801.936,914.669,837.079,914.669z M835.863,725.101c0-0.669,0.545-1.215,1.216-1.215h125.838 c0.671,0,1.212,0.545,1.212,1.215v125.837c0,0.669-0.541,1.212-1.212,1.212H837.079c-0.671,0-1.216-0.543-1.216-1.212V725.101z\"><\/path><path d=\"M1295.803,914.669h125.836c35.147,0,63.736-28.592,63.736-63.731V725.101 c0-35.142-28.589-63.731-63.736-63.731h-125.836c-35.139,0-63.729,28.589-63.729,63.731v125.837 C1232.074,886.077,1260.664,914.669,1295.803,914.669z M1294.591,725.101c0-0.669,0.54-1.215,1.212-1.215h125.836 c0.672,0,1.221,0.545,1.221,1.215v125.837c0,0.669-0.549,1.212-1.221,1.212h-125.836c-0.654,0-1.212-0.556-1.212-1.212V725.101z\"><\/path><path d=\"M378.358,1278.83h125.835c35.139,0,63.729-28.589,63.729-63.729v-125.835 c0-35.147-28.589-63.737-63.729-63.737H378.358c-35.144,0-63.733,28.59-63.733,63.737v125.835 C314.625,1250.241,343.214,1278.83,378.358,1278.83z M377.142,1089.267c0-0.676,0.545-1.221,1.216-1.221h125.835 c0.667,0,1.212,0.545,1.212,1.221v125.835c0,0.668-0.545,1.213-1.212,1.213H378.358c-0.659,0-1.216-0.559-1.216-1.213V1089.267z\"><\/path><path d=\"M837.079,1278.83h125.838c35.14,0,63.729-28.589,63.729-63.729v-125.835 c0-35.147-28.589-63.737-63.729-63.737H837.079c-35.144,0-63.733,28.59-63.733,63.737v125.835 C773.346,1250.241,801.936,1278.83,837.079,1278.83z M835.863,1089.267c0-0.676,0.545-1.221,1.216-1.221h125.838 c0.671,0,1.212,0.545,1.212,1.221v125.835c0,0.654-0.558,1.213-1.212,1.213H837.079c-0.658,0-1.216-0.559-1.216-1.213V1089.267z\"><\/path><path d=\"M1295.803,1278.83h125.836c35.147,0,63.736-28.589,63.736-63.729v-125.835 c0-35.147-28.589-63.737-63.736-63.737h-125.836c-35.139,0-63.729,28.59-63.729,63.737v125.835 C1232.074,1250.241,1260.664,1278.83,1295.803,1278.83z M1294.591,1089.267c0-0.676,0.54-1.221,1.212-1.221h125.836 c0.672,0,1.221,0.545,1.221,1.221v125.835c0,0.654-0.559,1.213-1.221,1.213h-125.836c-0.654,0-1.212-0.559-1.212-1.213V1089.267z\"><\/path><path d=\"M378.358,1642.984h125.835c35.139,0,63.729-28.59,63.729-63.729V1453.42 c0-35.14-28.589-63.729-63.729-63.729H378.358c-35.144,0-63.733,28.589-63.733,63.729v125.835 C314.625,1614.395,343.214,1642.984,378.358,1642.984z M377.142,1453.42c0-0.672,0.545-1.213,1.216-1.213h125.835 c0.667,0,1.212,0.541,1.212,1.213v125.835c0,0.672-0.545,1.212-1.212,1.212H378.358c-0.671,0-1.216-0.54-1.216-1.212V1453.42z\"><\/path><path d=\"M837.079,1642.984h125.838c35.14,0,63.729-28.59,63.729-63.729V1453.42 c0-35.14-28.589-63.729-63.729-63.729H837.079c-35.144,0-63.733,28.589-63.733,63.729v125.835 C773.346,1614.395,801.936,1642.984,837.079,1642.984z M835.863,1453.42c0-0.672,0.545-1.213,1.216-1.213h125.838 c0.671,0,1.212,0.541,1.212,1.213v125.835c0,0.672-0.541,1.212-1.212,1.212H837.079c-0.671,0-1.216-0.54-1.216-1.212V1453.42z\"><\/path><path d=\"M1295.803,1642.984h125.836c35.147,0,63.736-28.59,63.736-63.729V1453.42 c0-35.14-28.589-63.729-63.736-63.729h-125.836c-35.139,0-63.729,28.589-63.729,63.729v125.835 C1232.074,1614.395,1260.664,1642.984,1295.803,1642.984z M1294.591,1453.42c0-0.672,0.54-1.213,1.212-1.213h125.836 c0.672,0,1.221,0.541,1.221,1.213v125.835c0,0.672-0.549,1.212-1.221,1.212h-125.836c-0.654,0-1.212-0.553-1.212-1.212V1453.42z\"><\/path><\/svg><\/span><\/div>\n\n\n\n<div id=\"wp-block-themeisle-blocks-advanced-heading-ccf38821\" class=\"wp-block-themeisle-blocks-advanced-heading wp-block-themeisle-blocks-advanced-heading-ccf38821\"><\/div>\n\n\n\n<h2 class=\"wp-block-heading has-text-align-center has-text-color has-link-color wp-elements-c2bfcd4cfa79210475410eb78f2d9111\" style=\"color:#080808\">services de conciergerie:<\/h2>\n\n\n\n<ul class=\"wp-block-list\">\n<li>les \u00e9changes avec les locataires pour la mise \u00e0 disposition des cl\u00e9s en d\u00e9but de s\u00e9jour, et leur retour en fin de s\u00e9jour,<\/li>\n\n\n\n<li>les consignes particuli\u00e8res de la conciergerie ou du propri\u00e9taire, notamment pour l&rsquo;utilisation de certains \u00e9quipements disponibles dans le logement,<\/li>\n\n\n\n<li>le nettoyage de l&rsquo;h\u00e9bergement, \u00e0 savoir le nettoyage des sols, des salles de bain et des toilettes, le vidage des poubelles int\u00e9rieures, le nettoyage de la cuisine,<\/li>\n\n\n\n<li>la lessive des draps et serviettes,<\/li>\n\n\n\n<li>le remplacement des consommables,<\/li>\n\n\n\n<li>les d\u00e9placements exceptionnels pendant une location en cas de souci particulier, par exemple li\u00e9 \u00e0 des pannes,<\/li>\n\n\n\n<li>la gestion des litiges apr\u00e8s la location, pour r\u00e9soudre rapidement tout probl\u00e8me pouvant survenir pour lequel la responsabilit\u00e9 du locataire peut \u00eatre mise en \u00e9vidence.<\/li>\n<\/ul>\n<\/div>\n\n\n\n<div id=\"wp-block-themeisle-blocks-advanced-column-30c82c3e\" class=\"wp-block-themeisle-blocks-advanced-column\"><div class=\"wp-block-image ticss-0c5bbe67\">\n<figure class=\"aligncenter size-full\"><img loading=\"lazy\" decoding=\"async\" width=\"1024\" height=\"768\" src=\"https:\/\/conciergeriedesvigneschalon.fr\/wp-content\/uploads\/2026\/02\/Services-type-3-conciergerie-complete.jpg\" alt=\"\" class=\"wp-image-557\" srcset=\"https:\/\/conciergeriedesvigneschalon.fr\/wp-content\/uploads\/2026\/02\/Services-type-3-conciergerie-complete.jpg 1024w, https:\/\/conciergeriedesvigneschalon.fr\/wp-content\/uploads\/2026\/02\/Services-type-3-conciergerie-complete-300x225.jpg 300w, https:\/\/conciergeriedesvigneschalon.fr\/wp-content\/uploads\/2026\/02\/Services-type-3-conciergerie-complete-768x576.jpg 768w\" sizes=\"auto, (max-width: 1024px) 100vw, 1024px\" \/><\/figure>\n<\/div><\/div>\n<\/div><\/section>\n\n\n\n<section id=\"wp-block-themeisle-blocks-advanced-columns-5071d910\" class=\"wp-block-themeisle-blocks-advanced-columns has-2-columns has-desktop-equal-layout has-tablet-equal-layout has-mobile-collapsedRows-layout has-vertical-center has-light-bg\"><div class=\"wp-block-themeisle-blocks-advanced-columns-overlay\"><\/div><div class=\"innerblocks-wrap\">\n<div id=\"wp-block-themeisle-blocks-advanced-column-a8698931\" class=\"wp-block-themeisle-blocks-advanced-column\">\n<figure class=\"wp-block-image size-full ticss-fab6ef94\"><img loading=\"lazy\" decoding=\"async\" width=\"1024\" height=\"768\" src=\"https:\/\/conciergeriedesvigneschalon.fr\/wp-content\/uploads\/2026\/02\/Services-Type-4-Gestion-externalisee-des-petits-travaux.jpg\" alt=\"\" class=\"wp-image-558\" srcset=\"https:\/\/conciergeriedesvigneschalon.fr\/wp-content\/uploads\/2026\/02\/Services-Type-4-Gestion-externalisee-des-petits-travaux.jpg 1024w, https:\/\/conciergeriedesvigneschalon.fr\/wp-content\/uploads\/2026\/02\/Services-Type-4-Gestion-externalisee-des-petits-travaux-300x225.jpg 300w, https:\/\/conciergeriedesvigneschalon.fr\/wp-content\/uploads\/2026\/02\/Services-Type-4-Gestion-externalisee-des-petits-travaux-768x576.jpg 768w\" sizes=\"auto, (max-width: 1024px) 100vw, 1024px\" \/><\/figure>\n<\/div>\n\n\n\n<div id=\"wp-block-themeisle-blocks-advanced-column-a26811ed\" class=\"wp-block-themeisle-blocks-advanced-column\">\n<div id=\"wp-block-themeisle-blocks-font-awesome-icons-a491c77c\" class=\"wp-block-themeisle-blocks-font-awesome-icons\"><span class=\"wp-block-themeisle-blocks-font-awesome-icons-container\"><svg xmlns=\"http:\/\/www.w3.org\/2000\/svg\" viewBox=\"0 0 1800 1800\"><path d=\"M872.831,1326.446c-1.999,0.113-3.853-0.183-5.733-0.53c-6.064-1.076-11.863-3.945-16.53-8.611 l-514.859-514.86c-5.852-5.855-9.138-13.792-9.138-22.068c0-8.275,3.287-16.212,9.142-22.067L455.5,638.535 c12.189-12.185,31.954-12.185,44.126,0l373.109,373.1l727.884-727.89c12.189-12.185,31.949-12.185,44.131,0l119.788,119.784 c5.855,5.851,9.142,13.792,9.142,22.067s-3.286,16.212-9.137,22.063l-869.649,869.645 C889.043,1323.155,881.106,1326.446,872.831,1326.446z M401.905,780.377l470.825,470.83l825.614-825.61l-75.657-75.653 l-727.885,727.889c-12.19,12.186-31.95,12.186-44.13,0L477.563,704.729L401.905,780.377z\"><\/path><path d=\"M1692.376,662.67c22.568,75.209,34.758,154.872,34.758,237.334c0,456.08-371.054,827.129-827.138,827.129 c-456.08,0-827.129-371.05-827.129-827.129c0-456.084,371.049-827.138,827.129-827.138c213.186,0,407.787,81.086,554.605,214.022 l44.161-44.165C1340.604,98.513,1130.391,10.456,899.996,10.456c-490.494,0-889.54,399.051-889.54,889.548 s399.046,889.54,889.54,889.54c490.498,0,889.548-399.042,889.548-889.54c0-100.372-16.734-196.909-47.517-286.985 L1692.376,662.67z\"><\/path><\/svg><\/span><\/div>\n\n\n\n<div id=\"wp-block-themeisle-blocks-advanced-heading-3d2fc26a\" class=\"wp-block-themeisle-blocks-advanced-heading wp-block-themeisle-blocks-advanced-heading-3d2fc26a\"><\/div>\n\n\n\n<h2 class=\"wp-block-heading has-text-align-center has-text-color has-link-color wp-elements-c84264500f796d6e175997136969e14e\" style=\"color:#080808\">suivi de prestations factur\u00e9es par d&rsquo;autres soci\u00e9t\u00e9s<\/h2>\n\n\n\n<ul class=\"wp-block-list\">\n<li>l&rsquo;entretien courant de votre bien (chauffage, ramonage, tonte gazon, piscine\u2026),<\/li>\n\n\n\n<li>Petites r\u00e9parations<\/li>\n<\/ul>\n<\/div>\n<\/div><\/section>\n<\/div>\n<\/div><\/section>\n\n\n\n<div id=\"wp-block-themeisle-blocks-advanced-columns-678cc482\" class=\"wp-block-themeisle-blocks-advanced-columns alignfull has-1-columns has-desktop-equal-layout has-tablet-equal-layout has-mobile-equal-layout has-vertical-top ticss-c00aadba\"><div class=\"wp-block-themeisle-blocks-advanced-columns-overlay\"><\/div><div class=\"innerblocks-wrap\">\n<div id=\"wp-block-themeisle-blocks-advanced-column-4d412c51\" class=\"wp-block-themeisle-blocks-advanced-column\">\n<h2 id=\"wp-block-themeisle-blocks-advanced-heading-fb3c7a39\" class=\"wp-block-themeisle-blocks-advanced-heading wp-block-themeisle-blocks-advanced-heading-fb3c7a39\">Audit gratuit de votre logement<\/h2>\n\n\n\n<p class=\"has-text-align-center has-text-color\" style=\"color:#fefefe\">N&rsquo;attendez pas<\/p>\n\n\n\n<div class=\"wp-block-buttons is-content-justification-center is-layout-flex wp-container-core-buttons-is-layout-a89b3969 wp-block-buttons-is-layout-flex\">\n<div class=\"wp-block-button is-style-primary\"><a class=\"wp-block-button__link has-accent-background-color has-background wp-element-button\" href=\"https:\/\/conciergeriedesvigneschalon.fr\/index.php\/contact\/\">Contactez NOUS<\/a><\/div>\n<\/div>\n<\/div>\n<\/div><\/div>\n","protected":false},"excerpt":{"rendered":"<p>La Conciergerie des Vignes Chalon proposent des services de diff\u00e9rentes natures:<\/p>\n","protected":false},"author":1,"featured_media":23,"parent":0,"menu_order":0,"comment_status":"closed","ping_status":"closed","template":"","meta":{"_themeisle_gutenberg_block_has_review":false,"footnotes":""},"class_list":["post-548","page","type-page","status-publish","has-post-thumbnail","hentry"],"_links":{"self":[{"href":"https:\/\/conciergeriedesvigneschalon.fr\/index.php\/wp-json\/wp\/v2\/pages\/548","targetHints":{"allow":["GET"]}}],"collection":[{"href":"https:\/\/conciergeriedesvigneschalon.fr\/index.php\/wp-json\/wp\/v2\/pages"}],"about":[{"href":"https:\/\/conciergeriedesvigneschalon.fr\/index.php\/wp-json\/wp\/v2\/types\/page"}],"author":[{"embeddable":true,"href":"https:\/\/conciergeriedesvigneschalon.fr\/index.php\/wp-json\/wp\/v2\/users\/1"}],"replies":[{"embeddable":true,"href":"https:\/\/conciergeriedesvigneschalon.fr\/index.php\/wp-json\/wp\/v2\/comments?post=548"}],"version-history":[{"count":6,"href":"https:\/\/conciergeriedesvigneschalon.fr\/index.php\/wp-json\/wp\/v2\/pages\/548\/revisions"}],"predecessor-version":[{"id":573,"href":"https:\/\/conciergeriedesvigneschalon.fr\/index.php\/wp-json\/wp\/v2\/pages\/548\/revisions\/573"}],"wp:featuredmedia":[{"embeddable":true,"href":"https:\/\/conciergeriedesvigneschalon.fr\/index.php\/wp-json\/wp\/v2\/media\/23"}],"wp:attachment":[{"href":"https:\/\/conciergeriedesvigneschalon.fr\/index.php\/wp-json\/wp\/v2\/media?parent=548"}],"curies":[{"name":"wp","href":"https:\/\/api.w.org\/{rel}","templated":true}]}}