{"id":567,"date":"2026-02-02T16:34:37","date_gmt":"2026-02-02T15:34:37","guid":{"rendered":"https:\/\/conciergeriedesvigneschalon.fr\/?page_id=567"},"modified":"2026-02-05T00:03:23","modified_gmt":"2026-02-04T23:03:23","slug":"valeurs","status":"publish","type":"page","link":"https:\/\/conciergeriedesvigneschalon.fr\/index.php\/valeurs\/","title":{"rendered":"Valeurs"},"content":{"rendered":"\n<div class=\"wp-block-jetpack-layout-grid alignfull column1-desktop-grid__span-4 column1-desktop-grid__row-1 column2-desktop-grid__span-4 column2-desktop-grid__start-5 column2-desktop-grid__row-1 column3-desktop-grid__span-4 column3-desktop-grid__start-9 column3-desktop-grid__row-1 column1-tablet-grid__span-4 column1-tablet-grid__row-1 column2-tablet-grid__span-4 column2-tablet-grid__start-5 column2-tablet-grid__row-1 column3-tablet-grid__span-8 column3-tablet-grid__row-2 column1-mobile-grid__span-4 column1-mobile-grid__row-1 column2-mobile-grid__span-4 column2-mobile-grid__row-2 column3-mobile-grid__span-4 column3-mobile-grid__row-3\">\n<div class=\"wp-block-jetpack-layout-grid-column wp-block-jetpack-layout-grid__padding-none\">\n<h2 class=\"wp-block-heading has-text-align-center\">R\u00e9activit\u00e9<\/h2>\n\n\n\n<figure class=\"wp-block-image size-large\"><img decoding=\"async\" src=\"https:\/\/conciergeriedesvigneschalon.wordpress.com\/wp-content\/uploads\/2025\/10\/valeur-reactivite.png?w=1024\" alt=\"\" class=\"wp-image-272\"\/><\/figure>\n\n\n\n<p>Garantie de r\u00e9ponse: <\/p>\n\n\n\n<ul class=\"wp-block-list\">\n<li>dans l&rsquo;heure aux locataires<\/li>\n\n\n\n<li>dans les 4 heures aux h\u00f4tes<\/li>\n\n\n\n<li>dans la journ\u00e9e aux propri\u00e9taires<\/li>\n<\/ul>\n\n\n\n<p>D\u00e9placement en cas d&rsquo;urgence (panne, d\u00e9g\u00e2t, non-conformit\u00e9)<\/p>\n<\/div>\n\n\n\n<div class=\"wp-block-jetpack-layout-grid-column wp-block-jetpack-layout-grid__padding-none\">\n<h2 class=\"wp-block-heading has-text-align-center\">Qualit\u00e9 Premium<\/h2>\n\n\n\n<figure class=\"wp-block-image size-full\"><img decoding=\"async\" src=\"https:\/\/conciergeriedesvigneschalon.wordpress.com\/wp-content\/uploads\/2025\/10\/valeur-qualite.png\" alt=\"\" class=\"wp-image-273\"\/><\/figure>\n\n\n\n<ul class=\"wp-block-list\">\n<li>Am\u00e9lioration continue de l\u2019accueil , avec les retours d\u2019exp\u00e9rience via les commentaires donn\u00e9s par les locataires \u00e0 propos de votre bien ou d\u2019autres logements<\/li>\n\n\n\n<li>Gestion des litiges avec les locataires, avec l&rsquo;assurance de la plateforme.<\/li>\n\n\n\n<li>Conseils d\u2019am\u00e9nagement et d&rsquo;am\u00e9liorations<\/li>\n\n\n\n<li>Aide \u00e0 la premi\u00e8re mise en location pour l&rsquo;agencement, le rangement, le grand m\u00e9nage\u2026<br><\/li>\n<\/ul>\n<\/div>\n\n\n\n<div class=\"wp-block-jetpack-layout-grid-column wp-block-jetpack-layout-grid__padding-none\">\n<h2 class=\"wp-block-heading has-text-align-center\">Professionnalisme<\/h2>\n\n\n\n<figure class=\"wp-block-image size-large\"><img decoding=\"async\" src=\"https:\/\/conciergeriedesvigneschalon.wordpress.com\/wp-content\/uploads\/2025\/10\/valeur-professionalisme.png?w=1024\" alt=\"\" class=\"wp-image-274\"\/><\/figure>\n\n\n\n<ul class=\"wp-block-list\">\n<li>Intervenants professionnels pour le m\u00e9nage, la blanchisserie, l\u2019entretien de la maison (chauffage, ramonage, plomberie, espaces verts)<\/li>\n\n\n\n<li>Intervention en cas d\u2019urgence<\/li>\n\n\n\n<li>Respect de la r\u00e9gl\u00e9mentation<\/li>\n<\/ul>\n<\/div>\n<\/div>\n\n\n\n<div class=\"wp-block-columns alignwide is-layout-flex wp-container-core-columns-is-layout-28f84493 wp-block-columns-is-layout-flex\">\n<div class=\"wp-block-column is-layout-flow wp-block-column-is-layout-flow\">\n<h2 class=\"wp-block-heading has-text-align-center\">Eco-responsable<\/h2>\n\n\n\n<figure class=\"wp-block-image size-large\"><img decoding=\"async\" src=\"https:\/\/conciergeriedesvigneschalon.wordpress.com\/wp-content\/uploads\/2025\/10\/valeur-eco-responsable.png?w=1024\" alt=\"\" class=\"wp-image-276\"\/><\/figure>\n\n\n\n<ul class=\"wp-block-list\">\n<li>Service de proximit\u00e9<\/li>\n\n\n\n<li>intervenants locaux<\/li>\n\n\n\n<li>Prise en charge de la gestion domotique de votre logement<\/li>\n\n\n\n<li>D\u00e9placement pour ajustement de la consigne de chauffage en cas d&rsquo;absence prolong\u00e9e<\/li>\n<\/ul>\n<\/div>\n\n\n\n<div class=\"wp-block-column is-layout-flow wp-block-column-is-layout-flow\">\n<h2 class=\"wp-block-heading has-text-align-center\">Conseil<\/h2>\n\n\n\n<figure class=\"wp-block-image size-large\"><img decoding=\"async\" src=\"https:\/\/conciergeriedesvigneschalon.wordpress.com\/wp-content\/uploads\/2025\/10\/valeur-conseil.png?w=1024\" alt=\"\" class=\"wp-image-277\"\/><\/figure>\n\n\n\n<ul class=\"wp-block-list\">\n<li>Optimisation des tarifs selon l\u2019actualit\u00e9 locale et la saison pour am\u00e9liorer la rentabilit\u00e9 de la location de votre logement. <\/li>\n\n\n\n<li>Nous \u00e9tablirons ensemble un profil de gestion pour d\u00e9terminer les r\u00e8gles de tarifs que je suivrai, notamment pour les promotions<\/li>\n\n\n\n<li>Conseils pour la d\u00e9claration de revenus<\/li>\n<\/ul>\n<\/div>\n<\/div>\n\n\n\n<div id=\"wp-block-themeisle-blocks-advanced-columns-678cc482\" class=\"wp-block-themeisle-blocks-advanced-columns alignfull has-1-columns has-desktop-equal-layout has-tablet-equal-layout has-mobile-equal-layout has-vertical-top ticss-c00aadba\"><div class=\"wp-block-themeisle-blocks-advanced-columns-overlay\"><\/div><div class=\"innerblocks-wrap\">\n<div id=\"wp-block-themeisle-blocks-advanced-column-4d412c51\" class=\"wp-block-themeisle-blocks-advanced-column\">\n<h2 id=\"wp-block-themeisle-blocks-advanced-heading-fb3c7a39\" class=\"wp-block-themeisle-blocks-advanced-heading wp-block-themeisle-blocks-advanced-heading-fb3c7a39\">Audit gratuit de votre logement<\/h2>\n\n\n\n<p class=\"has-text-align-center has-text-color\" style=\"color:#fefefe\">N&rsquo;attendez pas<\/p>\n\n\n\n<div class=\"wp-block-buttons is-content-justification-center is-layout-flex wp-container-core-buttons-is-layout-a89b3969 wp-block-buttons-is-layout-flex\">\n<div class=\"wp-block-button is-style-primary\"><a class=\"wp-block-button__link has-accent-background-color has-background wp-element-button\" href=\"https:\/\/conciergeriedesvigneschalon.fr\/index.php\/contact\/\">Contactez NOUS<\/a><\/div>\n<\/div>\n<\/div>\n<\/div><\/div>\n","protected":false},"excerpt":{"rendered":"<p>R\u00e9activit\u00e9 Garantie de r\u00e9ponse: D\u00e9placement en cas d&rsquo;urgence (panne, d\u00e9g\u00e2t, non-conformit\u00e9) Qualit\u00e9 Premium Professionnalisme Eco-responsable Conseil<\/p>\n","protected":false},"author":1,"featured_media":23,"parent":0,"menu_order":0,"comment_status":"closed","ping_status":"closed","template":"","meta":{"_themeisle_gutenberg_block_has_review":false,"footnotes":""},"class_list":["post-567","page","type-page","status-publish","has-post-thumbnail","hentry"],"_links":{"self":[{"href":"https:\/\/conciergeriedesvigneschalon.fr\/index.php\/wp-json\/wp\/v2\/pages\/567","targetHints":{"allow":["GET"]}}],"collection":[{"href":"https:\/\/conciergeriedesvigneschalon.fr\/index.php\/wp-json\/wp\/v2\/pages"}],"about":[{"href":"https:\/\/conciergeriedesvigneschalon.fr\/index.php\/wp-json\/wp\/v2\/types\/page"}],"author":[{"embeddable":true,"href":"https:\/\/conciergeriedesvigneschalon.fr\/index.php\/wp-json\/wp\/v2\/users\/1"}],"replies":[{"embeddable":true,"href":"https:\/\/conciergeriedesvigneschalon.fr\/index.php\/wp-json\/wp\/v2\/comments?post=567"}],"version-history":[{"count":2,"href":"https:\/\/conciergeriedesvigneschalon.fr\/index.php\/wp-json\/wp\/v2\/pages\/567\/revisions"}],"predecessor-version":[{"id":611,"href":"https:\/\/conciergeriedesvigneschalon.fr\/index.php\/wp-json\/wp\/v2\/pages\/567\/revisions\/611"}],"wp:featuredmedia":[{"embeddable":true,"href":"https:\/\/conciergeriedesvigneschalon.fr\/index.php\/wp-json\/wp\/v2\/media\/23"}],"wp:attachment":[{"href":"https:\/\/conciergeriedesvigneschalon.fr\/index.php\/wp-json\/wp\/v2\/media?parent=567"}],"curies":[{"name":"wp","href":"https:\/\/api.w.org\/{rel}","templated":true}]}}