{"id":85,"date":"2026-01-27T18:44:45","date_gmt":"2026-01-27T17:44:45","guid":{"rendered":"https:\/\/conciergeriedesvigneschalon.fr\/?page_id=85"},"modified":"2026-02-03T20:49:39","modified_gmt":"2026-02-03T19:49:39","slug":"concierge-des-concierges","status":"publish","type":"page","link":"https:\/\/conciergeriedesvigneschalon.fr\/index.php\/concierge-des-concierges\/","title":{"rendered":"Concierge des Concierges"},"content":{"rendered":"\n<h1 class=\"wp-block-heading\">Conciergerie des Vignes Chalon<\/h1>\n\n\n\n<p>Nous proposons aussi <strong>cette offre de services originale<\/strong> pour accompagner les propri\u00e9taires qui louent d\u00e9j\u00e0 leur logement en courte dur\u00e9e et s&rsquo;en occupent eux-m\u00eames.<\/p>\n\n\n\n<p><\/p>\n\n\n\n<h2 class=\"wp-block-heading\">Pourquoi confier votre logement \u00e0 la conciergerie des Vignes ?<\/h2>\n\n\n\n<div class=\"wp-block-columns is-layout-flex wp-container-core-columns-is-layout-28f84493 wp-block-columns-is-layout-flex\">\n<div class=\"wp-block-column is-layout-flow wp-block-column-is-layout-flow\" style=\"flex-basis:66.66%\">\n<p>Vous \u00eates passionn\u00e9 par votre activit\u00e9 de location et vous vous investissez pour maintenir le meilleur niveau de service. <\/p>\n\n\n\n<ul class=\"wp-block-list\">\n<li>Vous avez une contrainte personnelle?<\/li>\n\n\n\n<li>Vous devez quitter la r\u00e9gion pour quelques jours? <\/li>\n\n\n\n<li>Vous voulez enfin prendre ces vacances avec votre famille? <\/li>\n\n\n\n<li>Vous cherchez une formule de remplacement temporaire?<\/li>\n<\/ul>\n\n\n\n<p>En confiant votre bien \u00e0 la <strong>Conciergerie des Vignes Chalon<\/strong>, vous b\u00e9n\u00e9ficiez :<\/p>\n\n\n\n<ul class=\"wp-block-list\">\n<li>D\u2019une <strong>gestion professionnelle et locale<\/strong><\/li>\n\n\n\n<li>D\u2019une formule temporaire adapt\u00e9e<\/li>\n\n\n\n<li>D&rsquo;une flexibilit\u00e9 dans le choix de nos services<\/li>\n\n\n\n<li>D\u2019une tranquillit\u00e9 d\u2019esprit pendant votre absence<\/li>\n\n\n\n<li>D&rsquo;un tarif adapt\u00e9 aux services dont vous avez vraiment besoin<\/li>\n<\/ul>\n<\/div>\n\n\n\n<div class=\"wp-block-column is-layout-flow wp-block-column-is-layout-flow\" style=\"flex-basis:33.33%\">\n<figure class=\"wp-block-image size-large\"><img loading=\"lazy\" decoding=\"async\" width=\"683\" height=\"1024\" src=\"https:\/\/conciergeriedesvigneschalon.fr\/wp-content\/uploads\/2026\/02\/ChatGPT-Image-Feb-3-2026-11_04_34-AM-683x1024.png\" alt=\"\" class=\"wp-image-587\" srcset=\"https:\/\/conciergeriedesvigneschalon.fr\/wp-content\/uploads\/2026\/02\/ChatGPT-Image-Feb-3-2026-11_04_34-AM-683x1024.png 683w, https:\/\/conciergeriedesvigneschalon.fr\/wp-content\/uploads\/2026\/02\/ChatGPT-Image-Feb-3-2026-11_04_34-AM-200x300.png 200w, https:\/\/conciergeriedesvigneschalon.fr\/wp-content\/uploads\/2026\/02\/ChatGPT-Image-Feb-3-2026-11_04_34-AM-768x1152.png 768w, https:\/\/conciergeriedesvigneschalon.fr\/wp-content\/uploads\/2026\/02\/ChatGPT-Image-Feb-3-2026-11_04_34-AM.png 1024w\" sizes=\"auto, (max-width: 683px) 100vw, 683px\" \/><\/figure>\n<\/div>\n<\/div>\n\n\n\n<h2 class=\"wp-block-heading\">Une offre compl\u00e8tement modulable<\/h2>\n\n\n\n<div class=\"wp-block-columns is-layout-flex wp-container-core-columns-is-layout-28f84493 wp-block-columns-is-layout-flex\">\n<div class=\"wp-block-column is-layout-flow wp-block-column-is-layout-flow\" style=\"flex-basis:50%\">\n<figure class=\"wp-block-image size-full\"><img loading=\"lazy\" decoding=\"async\" width=\"1536\" height=\"1024\" src=\"https:\/\/conciergeriedesvigneschalon.fr\/wp-content\/uploads\/2026\/02\/ChatGPT-Image-Feb-3-2026-08_46_55-PM.png\" alt=\"\" class=\"wp-image-592\" srcset=\"https:\/\/conciergeriedesvigneschalon.fr\/wp-content\/uploads\/2026\/02\/ChatGPT-Image-Feb-3-2026-08_46_55-PM.png 1536w, https:\/\/conciergeriedesvigneschalon.fr\/wp-content\/uploads\/2026\/02\/ChatGPT-Image-Feb-3-2026-08_46_55-PM-300x200.png 300w, https:\/\/conciergeriedesvigneschalon.fr\/wp-content\/uploads\/2026\/02\/ChatGPT-Image-Feb-3-2026-08_46_55-PM-1024x683.png 1024w, https:\/\/conciergeriedesvigneschalon.fr\/wp-content\/uploads\/2026\/02\/ChatGPT-Image-Feb-3-2026-08_46_55-PM-768x512.png 768w, https:\/\/conciergeriedesvigneschalon.fr\/wp-content\/uploads\/2026\/02\/ChatGPT-Image-Feb-3-2026-08_46_55-PM-360x240.png 360w\" sizes=\"auto, (max-width: 1536px) 100vw, 1536px\" \/><\/figure>\n<\/div>\n\n\n\n<div class=\"wp-block-column is-layout-flow wp-block-column-is-layout-flow\" style=\"flex-basis:50%\">\n<p>Nous prenons en charge un ou plusieurs logement dans notre zone d&rsquo;intervention.<\/p>\n\n\n\n<p>Pendant une p\u00e9riode d\u00e9finie, nous accueillons les voyageurs et assurons tous vos services habituels, par nos propres moyens ou avec ceux que vous avez d\u00e9j\u00e0 d\u00e9finis.<\/p>\n<\/div>\n<\/div>\n\n\n\n<h2 class=\"wp-block-heading\">Comment fonctionne notre offre ?<\/h2>\n\n\n\n<ol start=\"1\" class=\"wp-block-list\">\n<li><strong>Audit gratuit de votre situation<\/strong> et d\u00e9termination de vos attentes<\/li>\n\n\n\n<li>Proposition d&rsquo;intervention et de tarif<\/li>\n\n\n\n<li>Validation de votre part<\/li>\n\n\n\n<li>R\u00e9union de d\u00e9marrage<\/li>\n\n\n\n<li>Gestion compl\u00e8te des voyageurs et du logement<\/li>\n\n\n\n<li>Suivi interm\u00e9diaire \u00e0 distance possible<\/li>\n\n\n\n<li>R\u00e9union de cl\u00f4ture de l&rsquo;intervention, rapport des activit\u00e9s.<\/li>\n<\/ol>\n\n\n\n<div id=\"wp-block-themeisle-blocks-advanced-columns-678cc482\" class=\"wp-block-themeisle-blocks-advanced-columns alignfull has-1-columns has-desktop-equal-layout has-tablet-equal-layout has-mobile-equal-layout has-vertical-top ticss-c00aadba\"><div class=\"wp-block-themeisle-blocks-advanced-columns-overlay\"><\/div><div class=\"innerblocks-wrap\">\n<div id=\"wp-block-themeisle-blocks-advanced-column-4d412c51\" class=\"wp-block-themeisle-blocks-advanced-column\">\n<h2 id=\"wp-block-themeisle-blocks-advanced-heading-fb3c7a39\" class=\"wp-block-themeisle-blocks-advanced-heading wp-block-themeisle-blocks-advanced-heading-fb3c7a39\">Audit gratuit de votre situation<\/h2>\n\n\n\n<p class=\"has-text-align-center has-text-color\" style=\"color:#fefefe\">N&rsquo;attendez pas<\/p>\n\n\n\n<div class=\"wp-block-buttons is-content-justification-center is-layout-flex wp-container-core-buttons-is-layout-a89b3969 wp-block-buttons-is-layout-flex\">\n<div class=\"wp-block-button is-style-primary\"><a class=\"wp-block-button__link has-accent-background-color has-background wp-element-button\" href=\"https:\/\/conciergeriedesvigneschalon.fr\/index.php\/contact\/\">Contactez Nous<\/a><\/div>\n<\/div>\n<\/div>\n<\/div><\/div>\n\n\n\n<p><\/p>\n","protected":false},"excerpt":{"rendered":"<p>Conciergerie des Vignes Chalon Nous proposons aussi cette offre de services originale pour accompagner les propri\u00e9taires qui louent d\u00e9j\u00e0 leur logement en courte dur\u00e9e et s&rsquo;en occupent eux-m\u00eames. Pourquoi confier votre logement \u00e0 la conciergerie des Vignes ? Vous \u00eates passionn\u00e9 par votre activit\u00e9 de location et vous vous investissez [&hellip;]<\/p>\n","protected":false},"author":1,"featured_media":23,"parent":0,"menu_order":0,"comment_status":"closed","ping_status":"closed","template":"","meta":{"_themeisle_gutenberg_block_has_review":false,"footnotes":""},"class_list":["post-85","page","type-page","status-publish","has-post-thumbnail","hentry"],"_links":{"self":[{"href":"https:\/\/conciergeriedesvigneschalon.fr\/index.php\/wp-json\/wp\/v2\/pages\/85","targetHints":{"allow":["GET"]}}],"collection":[{"href":"https:\/\/conciergeriedesvigneschalon.fr\/index.php\/wp-json\/wp\/v2\/pages"}],"about":[{"href":"https:\/\/conciergeriedesvigneschalon.fr\/index.php\/wp-json\/wp\/v2\/types\/page"}],"author":[{"embeddable":true,"href":"https:\/\/conciergeriedesvigneschalon.fr\/index.php\/wp-json\/wp\/v2\/users\/1"}],"replies":[{"embeddable":true,"href":"https:\/\/conciergeriedesvigneschalon.fr\/index.php\/wp-json\/wp\/v2\/comments?post=85"}],"version-history":[{"count":12,"href":"https:\/\/conciergeriedesvigneschalon.fr\/index.php\/wp-json\/wp\/v2\/pages\/85\/revisions"}],"predecessor-version":[{"id":594,"href":"https:\/\/conciergeriedesvigneschalon.fr\/index.php\/wp-json\/wp\/v2\/pages\/85\/revisions\/594"}],"wp:featuredmedia":[{"embeddable":true,"href":"https:\/\/conciergeriedesvigneschalon.fr\/index.php\/wp-json\/wp\/v2\/media\/23"}],"wp:attachment":[{"href":"https:\/\/conciergeriedesvigneschalon.fr\/index.php\/wp-json\/wp\/v2\/media?parent=85"}],"curies":[{"name":"wp","href":"https:\/\/api.w.org\/{rel}","templated":true}]}}